{"id":1551,"date":"2018-11-08T16:24:00","date_gmt":"2018-11-08T14:24:00","guid":{"rendered":"http:\/\/johannesgoetze.com\/?page_id=1551"},"modified":"2019-03-27T11:33:49","modified_gmt":"2019-03-27T09:33:49","slug":"danke-fuer-deinen-einkauf","status":"publish","type":"page","link":"https:\/\/johannesgoetze.com\/en\/shop\/danke-fuer-deinen-einkauf\/","title":{"rendered":"Danke"},"content":{"rendered":"<p style=\"text-align: center;\">Vielen Dank f\u00fcr Deinen Einkauf und liebe Gr\u00fc\u00dfe aus Berlin!<\/p>\n<p style=\"text-align: center;\">Jonny G\u00f6tze<\/p>\n<p>&nbsp;<\/p>\n<p style=\"text-align: center;\"><a href=\"http:\/\/johannesgoetze.com\/wp-content\/uploads\/2018\/10\/02Instagram.png\"><img fetchpriority=\"high\" decoding=\"async\" class=\"aligncenter wp-image-1425\" src=\"http:\/\/johannesgoetze.com\/wp-content\/uploads\/2018\/10\/02Instagram.png\" alt=\"\" width=\"500\" height=\"500\" srcset=\"https:\/\/johannesgoetze.com\/wp-content\/uploads\/2018\/10\/02Instagram.png 4500w, https:\/\/johannesgoetze.com\/wp-content\/uploads\/2018\/10\/02Instagram-300x300.png 300w, https:\/\/johannesgoetze.com\/wp-content\/uploads\/2018\/10\/02Instagram-1024x1024.png 1024w, https:\/\/johannesgoetze.com\/wp-content\/uploads\/2018\/10\/02Instagram-150x150.png 150w, https:\/\/johannesgoetze.com\/wp-content\/uploads\/2018\/10\/02Instagram-768x768.png 768w, https:\/\/johannesgoetze.com\/wp-content\/uploads\/2018\/10\/02Instagram-1536x1536.png 1536w, https:\/\/johannesgoetze.com\/wp-content\/uploads\/2018\/10\/02Instagram-2048x2048.png 2048w, https:\/\/johannesgoetze.com\/wp-content\/uploads\/2018\/10\/02Instagram-570x570.png 570w, https:\/\/johannesgoetze.com\/wp-content\/uploads\/2018\/10\/02Instagram-500x500.png 500w, https:\/\/johannesgoetze.com\/wp-content\/uploads\/2018\/10\/02Instagram-1000x1000.png 1000w, https:\/\/johannesgoetze.com\/wp-content\/uploads\/2018\/10\/02Instagram-700x700.png 700w\" sizes=\"(max-width: 500px) 100vw, 500px\" \/><\/a><\/p>\n<p><a href=\"http:\/\/johannesgoetze.com\/en\/kontakt\/\">Imprint \/ Contact<\/a><\/p>","protected":false},"excerpt":{"rendered":"<p>Vielen Dank f\u00fcr Deinen Einkauf und liebe Gr\u00fc\u00dfe aus Berlin! Jonny G\u00f6tze &nbsp; Impressum\/Kontakt<\/p>","protected":false},"author":2,"featured_media":0,"parent":1549,"menu_order":0,"comment_status":"closed","ping_status":"closed","template":"","meta":{"_EventAllDay":false,"_EventTimezone":"","_EventStartDate":"","_EventEndDate":"","_EventStartDateUTC":"","_EventEndDateUTC":"","_EventShowMap":false,"_EventShowMapLink":false,"_EventURL":"","_EventCost":"","_EventCostDescription":"","_EventCurrencySymbol":"","_EventCurrencyCode":"","_EventCurrencyPosition":"","_EventDateTimeSeparator":"","_EventTimeRangeSeparator":"","_EventOrganizerID":[],"_EventVenueID":[],"_OrganizerEmail":"","_OrganizerPhone":"","_OrganizerWebsite":"","_VenueAddress":"","_VenueCity":"","_VenueCountry":"","_VenueProvince":"","_VenueState":"","_VenueZip":"","_VenuePhone":"","_VenueURL":"","_VenueStateProvince":"","_VenueLat":"","_VenueLng":"","_VenueShowMap":false,"_VenueShowMapLink":false,"footnotes":""},"class_list":["post-1551","page","type-page","status-publish","hentry"],"yoast_head":"<!-- This site is optimized with the Yoast SEO plugin v27.5 - https:\/\/yoast.com\/product\/yoast-seo-wordpress\/ -->\n<title>Danke - Jonny G\u00f6tze<\/title>\n<meta name=\"robots\" content=\"index, follow, max-snippet:-1, max-image-preview:large, max-video-preview:-1\" \/>\n<link rel=\"canonical\" href=\"https:\/\/johannesgoetze.com\/en\/shop\/danke-fuer-deinen-einkauf\/\" \/>\n<meta property=\"og:locale\" content=\"en_US\" \/>\n<meta property=\"og:type\" content=\"article\" \/>\n<meta property=\"og:title\" content=\"Danke - Jonny G\u00f6tze\" \/>\n<meta property=\"og:description\" content=\"Vielen Dank f\u00fcr Deinen Einkauf und liebe Gr\u00fc\u00dfe aus Berlin! Jonny G\u00f6tze &nbsp; Impressum\/Kontakt\" \/>\n<meta property=\"og:url\" content=\"https:\/\/johannesgoetze.com\/en\/shop\/danke-fuer-deinen-einkauf\/\" \/>\n<meta property=\"og:site_name\" content=\"Jonny G\u00f6tze\" \/>\n<meta property=\"article:modified_time\" content=\"2019-03-27T09:33:49+00:00\" \/>\n<meta property=\"og:image\" content=\"http:\/\/johannesgoetze.com\/wp-content\/uploads\/2018\/10\/02Instagram.png\" \/>\n<meta name=\"twitter:card\" content=\"summary_large_image\" \/>\n<script type=\"application\/ld+json\" class=\"yoast-schema-graph\">{\"@context\":\"https:\\\/\\\/schema.org\",\"@graph\":[{\"@type\":\"WebPage\",\"@id\":\"https:\\\/\\\/johannesgoetze.com\\\/shop\\\/danke-fuer-deinen-einkauf\\\/\",\"url\":\"https:\\\/\\\/johannesgoetze.com\\\/shop\\\/danke-fuer-deinen-einkauf\\\/\",\"name\":\"Danke - Jonny G\u00f6tze\",\"isPartOf\":{\"@id\":\"https:\\\/\\\/johannesgoetze.com\\\/#website\"},\"primaryImageOfPage\":{\"@id\":\"https:\\\/\\\/johannesgoetze.com\\\/shop\\\/danke-fuer-deinen-einkauf\\\/#primaryimage\"},\"image\":{\"@id\":\"https:\\\/\\\/johannesgoetze.com\\\/shop\\\/danke-fuer-deinen-einkauf\\\/#primaryimage\"},\"thumbnailUrl\":\"http:\\\/\\\/johannesgoetze.com\\\/wp-content\\\/uploads\\\/2018\\\/10\\\/02Instagram.png\",\"datePublished\":\"2018-11-08T14:24:00+00:00\",\"dateModified\":\"2019-03-27T09:33:49+00:00\",\"breadcrumb\":{\"@id\":\"https:\\\/\\\/johannesgoetze.com\\\/shop\\\/danke-fuer-deinen-einkauf\\\/#breadcrumb\"},\"inLanguage\":\"en-US\",\"potentialAction\":[{\"@type\":\"ReadAction\",\"target\":[\"https:\\\/\\\/johannesgoetze.com\\\/shop\\\/danke-fuer-deinen-einkauf\\\/\"]}]},{\"@type\":\"ImageObject\",\"inLanguage\":\"en-US\",\"@id\":\"https:\\\/\\\/johannesgoetze.com\\\/shop\\\/danke-fuer-deinen-einkauf\\\/#primaryimage\",\"url\":\"http:\\\/\\\/johannesgoetze.com\\\/wp-content\\\/uploads\\\/2018\\\/10\\\/02Instagram.png\",\"contentUrl\":\"http:\\\/\\\/johannesgoetze.com\\\/wp-content\\\/uploads\\\/2018\\\/10\\\/02Instagram.png\"},{\"@type\":\"BreadcrumbList\",\"@id\":\"https:\\\/\\\/johannesgoetze.com\\\/shop\\\/danke-fuer-deinen-einkauf\\\/#breadcrumb\",\"itemListElement\":[{\"@type\":\"ListItem\",\"position\":1,\"name\":\"Startseite\",\"item\":\"https:\\\/\\\/johannesgoetze.com\\\/\"},{\"@type\":\"ListItem\",\"position\":2,\"name\":\"Shop\",\"item\":\"https:\\\/\\\/johannesgoetze.com\\\/shop\\\/\"},{\"@type\":\"ListItem\",\"position\":3,\"name\":\"Danke\"}]},{\"@type\":\"WebSite\",\"@id\":\"https:\\\/\\\/johannesgoetze.com\\\/#website\",\"url\":\"https:\\\/\\\/johannesgoetze.com\\\/\",\"name\":\"Jonny G\u00f6tze\",\"description\":\"Die Macht der Lieder - der macht die Lieder!\",\"potentialAction\":[{\"@type\":\"SearchAction\",\"target\":{\"@type\":\"EntryPoint\",\"urlTemplate\":\"https:\\\/\\\/johannesgoetze.com\\\/?s={search_term_string}\"},\"query-input\":{\"@type\":\"PropertyValueSpecification\",\"valueRequired\":true,\"valueName\":\"search_term_string\"}}],\"inLanguage\":\"en-US\"}]}<\/script>\n<!-- \/ Yoast SEO plugin. -->","yoast_head_json":{"title":"Danke - Jonny G\u00f6tze","robots":{"index":"index","follow":"follow","max-snippet":"max-snippet:-1","max-image-preview":"max-image-preview:large","max-video-preview":"max-video-preview:-1"},"canonical":"https:\/\/johannesgoetze.com\/en\/shop\/danke-fuer-deinen-einkauf\/","og_locale":"en_US","og_type":"article","og_title":"Danke - Jonny G\u00f6tze","og_description":"Vielen Dank f\u00fcr Deinen Einkauf und liebe Gr\u00fc\u00dfe aus Berlin! Jonny G\u00f6tze &nbsp; Impressum\/Kontakt","og_url":"https:\/\/johannesgoetze.com\/en\/shop\/danke-fuer-deinen-einkauf\/","og_site_name":"Jonny G\u00f6tze","article_modified_time":"2019-03-27T09:33:49+00:00","og_image":[{"url":"http:\/\/johannesgoetze.com\/wp-content\/uploads\/2018\/10\/02Instagram.png","type":"","width":"","height":""}],"twitter_card":"summary_large_image","schema":{"@context":"https:\/\/schema.org","@graph":[{"@type":"WebPage","@id":"https:\/\/johannesgoetze.com\/shop\/danke-fuer-deinen-einkauf\/","url":"https:\/\/johannesgoetze.com\/shop\/danke-fuer-deinen-einkauf\/","name":"Danke - Jonny G\u00f6tze","isPartOf":{"@id":"https:\/\/johannesgoetze.com\/#website"},"primaryImageOfPage":{"@id":"https:\/\/johannesgoetze.com\/shop\/danke-fuer-deinen-einkauf\/#primaryimage"},"image":{"@id":"https:\/\/johannesgoetze.com\/shop\/danke-fuer-deinen-einkauf\/#primaryimage"},"thumbnailUrl":"http:\/\/johannesgoetze.com\/wp-content\/uploads\/2018\/10\/02Instagram.png","datePublished":"2018-11-08T14:24:00+00:00","dateModified":"2019-03-27T09:33:49+00:00","breadcrumb":{"@id":"https:\/\/johannesgoetze.com\/shop\/danke-fuer-deinen-einkauf\/#breadcrumb"},"inLanguage":"en-US","potentialAction":[{"@type":"ReadAction","target":["https:\/\/johannesgoetze.com\/shop\/danke-fuer-deinen-einkauf\/"]}]},{"@type":"ImageObject","inLanguage":"en-US","@id":"https:\/\/johannesgoetze.com\/shop\/danke-fuer-deinen-einkauf\/#primaryimage","url":"http:\/\/johannesgoetze.com\/wp-content\/uploads\/2018\/10\/02Instagram.png","contentUrl":"http:\/\/johannesgoetze.com\/wp-content\/uploads\/2018\/10\/02Instagram.png"},{"@type":"BreadcrumbList","@id":"https:\/\/johannesgoetze.com\/shop\/danke-fuer-deinen-einkauf\/#breadcrumb","itemListElement":[{"@type":"ListItem","position":1,"name":"Startseite","item":"https:\/\/johannesgoetze.com\/"},{"@type":"ListItem","position":2,"name":"Shop","item":"https:\/\/johannesgoetze.com\/shop\/"},{"@type":"ListItem","position":3,"name":"Danke"}]},{"@type":"WebSite","@id":"https:\/\/johannesgoetze.com\/#website","url":"https:\/\/johannesgoetze.com\/","name":"Jonny G\u00f6tze","description":"Die Macht der Lieder - der macht die Lieder!","potentialAction":[{"@type":"SearchAction","target":{"@type":"EntryPoint","urlTemplate":"https:\/\/johannesgoetze.com\/?s={search_term_string}"},"query-input":{"@type":"PropertyValueSpecification","valueRequired":true,"valueName":"search_term_string"}}],"inLanguage":"en-US"}]}},"_links":{"self":[{"href":"https:\/\/johannesgoetze.com\/en\/wp-json\/wp\/v2\/pages\/1551","targetHints":{"allow":["GET"]}}],"collection":[{"href":"https:\/\/johannesgoetze.com\/en\/wp-json\/wp\/v2\/pages"}],"about":[{"href":"https:\/\/johannesgoetze.com\/en\/wp-json\/wp\/v2\/types\/page"}],"author":[{"embeddable":true,"href":"https:\/\/johannesgoetze.com\/en\/wp-json\/wp\/v2\/users\/2"}],"replies":[{"embeddable":true,"href":"https:\/\/johannesgoetze.com\/en\/wp-json\/wp\/v2\/comments?post=1551"}],"version-history":[{"count":7,"href":"https:\/\/johannesgoetze.com\/en\/wp-json\/wp\/v2\/pages\/1551\/revisions"}],"predecessor-version":[{"id":1679,"href":"https:\/\/johannesgoetze.com\/en\/wp-json\/wp\/v2\/pages\/1551\/revisions\/1679"}],"up":[{"embeddable":true,"href":"https:\/\/johannesgoetze.com\/en\/wp-json\/wp\/v2\/pages\/1549"}],"wp:attachment":[{"href":"https:\/\/johannesgoetze.com\/en\/wp-json\/wp\/v2\/media?parent=1551"}],"curies":[{"name":"wp","href":"https:\/\/api.w.org\/{rel}","templated":true}]}}