{"id":1834,"date":"2021-06-23T14:03:05","date_gmt":"2021-06-23T12:03:05","guid":{"rendered":"https:\/\/johannesgoetze.com\/?page_id=1834"},"modified":"2026-02-01T18:32:14","modified_gmt":"2026-02-01T17:32:14","slug":"willkommen","status":"publish","type":"page","link":"https:\/\/johannesgoetze.com\/en\/","title":{"rendered":"Willkommen"},"content":{"rendered":"<div class=\"wpb-content-wrapper\"><div      class=\"vc_row wpb_row section vc_row-fluid\" style=' text-align:left;'><div class=\"full_section_inner clearfix\"><div class=\"wpb_column vc_column_container vc_col-sm-12\"><div class=\"vc_column-inner\"><div class=\"wpb_wrapper\"><div class=\"wpb_layerslider_element wpb_content_element\"><script type=\"text\/javascript\">jQuery(function() { _initLayerSlider( '#layerslider_1_y24utrs53f42', {createdWith: '6.11.8', sliderVersion: '7.15.1', insertMethod: 'insertBefore', insertSelector: '.default_template_holder', pauseOnHover: 'enabled', skin: 'photogallery', sliderFadeInDuration: 350, navPrevNext: false, navStartStop: false, navButtons: false, showCircleTimer: false, useSrcset: true, skinsPath: 'https:\/\/johannesgoetze.com\/wp-content\/plugins\/LayerSlider\/assets\/static\/layerslider\/skins\/', performanceMode: true}); });<\/script><div id=\"layerslider_1_y24utrs53f42\"  class=\"ls-wp-container fitvidsignore ls-selectable\" style=\"width:1280px;height:720px;max-width:100%;margin:0 auto;margin-bottom: 0px;\"><div class=\"ls-slide\" data-ls=\"duration:3000;transition2d:5,23;\"><img fetchpriority=\"high\" decoding=\"async\" width=\"1500\" height=\"1000\" src=\"https:\/\/johannesgoetze.com\/wp-content\/uploads\/2025\/12\/JONNY-1_web.jpg.jpg\" class=\"ls-bg\" alt=\"\" srcset=\"https:\/\/johannesgoetze.com\/wp-content\/uploads\/2025\/12\/JONNY-1_web.jpg.jpg 1500w, https:\/\/johannesgoetze.com\/wp-content\/uploads\/2025\/12\/JONNY-1_web.jpg-300x200.jpg 300w, https:\/\/johannesgoetze.com\/wp-content\/uploads\/2025\/12\/JONNY-1_web.jpg-1024x683.jpg 1024w, https:\/\/johannesgoetze.com\/wp-content\/uploads\/2025\/12\/JONNY-1_web.jpg-768x512.jpg 768w, https:\/\/johannesgoetze.com\/wp-content\/uploads\/2025\/12\/JONNY-1_web.jpg-18x12.jpg 18w, https:\/\/johannesgoetze.com\/wp-content\/uploads\/2025\/12\/JONNY-1_web.jpg-700x467.jpg 700w\" sizes=\"(max-width: 1500px) 100vw, 1500px\" \/><h1 style=\"top:369px;left:113px;background-size:inherit;background-position:inherit;font-size:64px;color:#ffffff;\" class=\"ls-l ls-text-layer\" data-ls=\"position:relative;\">JONNY G\u00d6TZE<\/h1><p style=\"top:432px;left:132px;background-size:inherit;background-position:inherit;color:#ffffff;font-size:20px;\" class=\"ls-l ls-text-layer\" data-ls=\"position:relative;\">- Die Macht der Lieder, der macht die Lieder! -<\/p><\/div><div class=\"ls-slide\" data-ls=\"duration:3000;transition2d:5,23;\"><img decoding=\"async\" width=\"1920\" height=\"1280\" src=\"https:\/\/johannesgoetze.com\/wp-content\/uploads\/2021\/06\/Jonny_Theater281.jpg\" class=\"ls-bg\" alt=\"\" srcset=\"https:\/\/johannesgoetze.com\/wp-content\/uploads\/2021\/06\/Jonny_Theater281.jpg 1920w, https:\/\/johannesgoetze.com\/wp-content\/uploads\/2021\/06\/Jonny_Theater281-300x200.jpg 300w, https:\/\/johannesgoetze.com\/wp-content\/uploads\/2021\/06\/Jonny_Theater281-1024x683.jpg 1024w, https:\/\/johannesgoetze.com\/wp-content\/uploads\/2021\/06\/Jonny_Theater281-768x512.jpg 768w, https:\/\/johannesgoetze.com\/wp-content\/uploads\/2021\/06\/Jonny_Theater281-1536x1024.jpg 1536w, https:\/\/johannesgoetze.com\/wp-content\/uploads\/2021\/06\/Jonny_Theater281-700x467.jpg 700w\" sizes=\"(max-width: 1920px) 100vw, 1920px\" \/><h1 style=\"top:369px;left:113px;background-size:inherit;background-position:inherit;font-size:64px;color:#ffffff;\" class=\"ls-l ls-text-layer\" data-ls=\"position:relative;\">JONNY G\u00d6TZE<\/h1><p style=\"top:432px;left:132px;background-size:inherit;background-position:inherit;color:#ffffff;font-size:20px;\" class=\"ls-l ls-text-layer\" data-ls=\"position:relative;\">- Die Macht der Lieder, der macht die Lieder! -<\/p><\/div><div class=\"ls-slide\" data-ls=\"duration:3000;transition2d:5,27;\"><img decoding=\"async\" width=\"1920\" height=\"1280\" src=\"https:\/\/johannesgoetze.com\/wp-content\/uploads\/2021\/06\/Jonny_Gitarre.jpg\" class=\"ls-bg\" alt=\"\" srcset=\"https:\/\/johannesgoetze.com\/wp-content\/uploads\/2021\/06\/Jonny_Gitarre.jpg 1920w, https:\/\/johannesgoetze.com\/wp-content\/uploads\/2021\/06\/Jonny_Gitarre-300x200.jpg 300w, https:\/\/johannesgoetze.com\/wp-content\/uploads\/2021\/06\/Jonny_Gitarre-1024x683.jpg 1024w, https:\/\/johannesgoetze.com\/wp-content\/uploads\/2021\/06\/Jonny_Gitarre-768x512.jpg 768w, https:\/\/johannesgoetze.com\/wp-content\/uploads\/2021\/06\/Jonny_Gitarre-1536x1024.jpg 1536w, https:\/\/johannesgoetze.com\/wp-content\/uploads\/2021\/06\/Jonny_Gitarre-700x467.jpg 700w\" sizes=\"(max-width: 1920px) 100vw, 1920px\" \/><h1 style=\"top:369px;left:113px;background-size:inherit;background-position:inherit;font-size:64px;color:#ffffff;\" class=\"ls-l ls-text-layer\" data-ls=\"position:relative;\">JONNY G\u00d6TZE<\/h1><p style=\"top:432px;left:132px;background-size:inherit;background-position:inherit;color:#ffffff;font-size:20px;\" class=\"ls-l ls-text-layer\" data-ls=\"position:relative;\">- Die Macht der Lieder, der macht die Lieder! -<\/p><\/div><\/div><\/div><div class=\"vc_empty_space\"  style=\"height: 32px\" >\n\t<span class=\"vc_empty_space_inner\">\n\t\t<span class=\"empty_space_image\"  ><\/span>\n\t<\/span>\n<\/div>\n\t<div class=\"wpb_text_column wpb_content_element\">\n\t\t<div class=\"wpb_wrapper\">\n\t\t\t<h4><strong>Einf\u00fchlsame Lieder, <\/strong>die das Publikum entf\u00fchren. Voll ansteckender Fr\u00f6hlichkeit und Tiefe. Seine Konzerte sind wie eine Umarmung der Seele, liebevoll verpackt und voller Freude am Leben.<\/h4>\n\n\t\t<\/div>\n\t<\/div><div class=\"vc_empty_space\"  style=\"height: 32px\" >\n\t<span class=\"vc_empty_space_inner\">\n\t\t<span class=\"empty_space_image\"  ><\/span>\n\t<\/span>\n<\/div><\/div><\/div><\/div><\/div><\/div><div      class=\"vc_row wpb_row section vc_row-fluid\" style=' text-align:left;'><div class=\"full_section_inner clearfix\"><div class=\"wpb_column vc_column_container vc_col-sm-8\"><div class=\"vc_column-inner\"><div class=\"wpb_wrapper\">\n\t<div class=\"wpb_text_column wpb_content_element\">\n\t\t<div class=\"wpb_wrapper\">\n\t\t\t<p><strong><u>Biografie (Artist-Vita)<\/u><\/strong><\/p>\n<p>Der Wahlberliner Jonny G\u00f6tze (Jahrgang 1962) stammt aus Nordrhein-Westfalen und wuchs in Baden-W\u00fcrttemberg auf.\u00a0 Er entdeckte schon fr\u00fch seine Liebe zur Musik und spielte seine Instrumente (Klavier &amp; Gitarre) ausschlie\u00dflich nach Geh\u00f6r. Auf dem Weg zu den Noten nahm der Autodidakt eine Ausfahrt und entschied: Es geht auch ohne Noten.<\/p>\n\n\t\t<\/div>\n\t<\/div>\n\t<div class=\"wpb_text_column wpb_content_element\">\n\t\t<div class=\"wpb_wrapper\">\n\t\t\t<p>Die Macht der Lieder entdeckte er als Jugendlicher, in dem er seinen Gef\u00fchlen durch eigene\u00a0 Kompositionen und Texten einen Ausdruck gab. Die erste Liebe, der fr\u00fche Tod seines Vaters, Trauer, Freude und Gl\u00fcck, Fragen und Antworten, Unentschlossenheit und Entscheidungen. All das bekam durch die eigene Musik einen Raum, eine Tiefe, aber auch eine Fr\u00f6hlichkeit. So entstand sein Motto:<\/p>\n<p>&nbsp;<\/p>\n<p style=\"text-align: left;\"><strong>The power of songs \u2014 the one who makes the songs!<\/strong><\/p>\n<p>&nbsp;<\/p>\n<p>Seine Zuh\u00f6rer finden sich in seinen Geschichten wieder, so als h\u00e4tten sie selbst den Text geschrieben. Authentisch und emotional. Seine Lieder umarmen die Seele.<\/p>\n<p>&nbsp;<\/p>\n\n\t\t<\/div>\n\t<\/div>\n\t<div class=\"wpb_text_column wpb_content_element\">\n\t\t<div class=\"wpb_wrapper\">\n\t\t\t<p><strong><u>Personal &amp; Professional Milestones<\/u><\/strong><\/p>\n<p>&nbsp;<\/p>\n<p>JONNY G\u00d6TZE ist verheiratet und Vater von vier erwachsenen Kindern. Seinen beruflichen Weg pr\u00e4gen ungew\u00f6hnliche Wechsel: Fachkrankenpfleger, Moderator, Redakteur, Programmchef (u.a. in \u00d6sterreich und beim Berliner Rundfunk 91.4).<\/p>\n<p>&nbsp;<\/p>\n<p>Today, <a href=\"http:\/\/www.jgoetze.com\/profil\/\">Johannes \u201eJonny\u201c G\u00f6tze<\/a> works as an independent coach, trainer, and consultant, supporting people on their personal and professional journeys. He primarily works with executives and their teams from the media and healthcare sectors, as well as in one-on-one coaching. As a keynote speaker, he regularly takes the stage at various conferences.<\/p>\n<p>&nbsp;<\/p>\n<p>In Berlin, he fulfilled a dream and founded the <a href=\"http:\/\/kommklub.de\/\">KOMMCLUB<\/a>.<\/p>\n<p>&nbsp;<\/p>\n<p>Es ist die VISION von einem Raum, in dem sich Kreativit\u00e4t und Kommunikation in leidenschaftlicher Hingabe erg\u00e4nzen und entfalten. Hier k\u00f6nnen sich K\u00fcnstler und Publikum begegnen und vernetzen. In au\u00dfergew\u00f6hnlichen R\u00e4umen und an kreativen Orten wird diese Idee immer wieder Realit\u00e4t und verzaubert die Zuh\u00f6rer.<\/p>\n<p>&nbsp;<\/p>\n<p>At KOMMCLUB, he pulls the operational strings behind the scenes \u2014 a driver of ideas, networker, and supporter.<\/p>\n<p>&nbsp;<\/p>\n<p>With \u2018Jonny G\u00f6tze &amp; Friends\u2019, he provides a stage for artists and, as an accomplished entertainer and musician, leads the audience through the program.<\/p>\n\n\t\t<\/div>\n\t<\/div>\n\t<div class=\"wpb_text_column wpb_content_element\">\n\t\t<div class=\"wpb_wrapper\">\n\t\t\t<p>&nbsp;<\/p>\n\n\t\t<\/div>\n\t<\/div><div class=\"vc_empty_space\"  style=\"height: 32px\" >\n\t<span class=\"vc_empty_space_inner\">\n\t\t<span class=\"empty_space_image\"  ><\/span>\n\t<\/span>\n<\/div><\/div><\/div><\/div><div class=\"wpb_column vc_column_container vc_col-sm-4\"><div class=\"vc_column-inner\"><div class=\"wpb_wrapper\">\n\t<div class=\"wpb_single_image wpb_content_element vc_align_right\">\n\t\t<div class=\"wpb_wrapper\">\n\t\t\t\n\t\t\t<a href=\"https:\/\/johannesgoetze.com\/wp-content\/uploads\/2018\/10\/217869_3985603372313_1326583536_n.jpg\" target=\"_self\"><div class=\"vc_single_image-wrapper   vc_box_border_grey\"><img loading=\"lazy\" decoding=\"async\" width=\"300\" height=\"277\" src=\"https:\/\/johannesgoetze.com\/wp-content\/uploads\/2018\/10\/217869_3985603372313_1326583536_n-300x277.jpg\" class=\"vc_single_image-img attachment-medium\" alt=\"\" title=\"217869_3985603372313_1326583536_n\" srcset=\"https:\/\/johannesgoetze.com\/wp-content\/uploads\/2018\/10\/217869_3985603372313_1326583536_n-300x277.jpg 300w, https:\/\/johannesgoetze.com\/wp-content\/uploads\/2018\/10\/217869_3985603372313_1326583536_n.jpg 498w\" sizes=\"(max-width: 300px) 100vw, 300px\" \/><\/div><\/a>\n\t\t<\/div>\n\t<\/div>\n<div class=\"vc_empty_space\"  style=\"height: 32px\" >\n\t<span class=\"vc_empty_space_inner\">\n\t\t<span class=\"empty_space_image\"  ><\/span>\n\t<\/span>\n<\/div><div class=\"vc_empty_space\"  style=\"height: 32px\" >\n\t<span class=\"vc_empty_space_inner\">\n\t\t<span class=\"empty_space_image\"  ><\/span>\n\t<\/span>\n<\/div><div class=\"vc_empty_space\"  style=\"height: 32px\" >\n\t<span class=\"vc_empty_space_inner\">\n\t\t<span class=\"empty_space_image\"  ><\/span>\n\t<\/span>\n<\/div><div class=\"vc_empty_space\"  style=\"height: 32px\" >\n\t<span class=\"vc_empty_space_inner\">\n\t\t<span class=\"empty_space_image\"  ><\/span>\n\t<\/span>\n<\/div><div class=\"vc_empty_space\"  style=\"height: 32px\" >\n\t<span class=\"vc_empty_space_inner\">\n\t\t<span class=\"empty_space_image\"  ><\/span>\n\t<\/span>\n<\/div>\n\t<div class=\"wpb_single_image wpb_content_element vc_align_right\">\n\t\t<div class=\"wpb_wrapper\">\n\t\t\t\n\t\t\t<a href=\"https:\/\/johannesgoetze.com\/wp-content\/uploads\/2026\/02\/Portrait-5-768x1024.jpg\" target=\"_self\"><div class=\"vc_single_image-wrapper   vc_box_border_grey\"><img loading=\"lazy\" decoding=\"async\" width=\"225\" height=\"300\" src=\"https:\/\/johannesgoetze.com\/wp-content\/uploads\/2026\/02\/Portrait-5-225x300.jpg\" class=\"vc_single_image-img attachment-medium\" alt=\"\" title=\"Portrait 5\" srcset=\"https:\/\/johannesgoetze.com\/wp-content\/uploads\/2026\/02\/Portrait-5-225x300.jpg 225w, https:\/\/johannesgoetze.com\/wp-content\/uploads\/2026\/02\/Portrait-5-768x1024.jpg 768w, https:\/\/johannesgoetze.com\/wp-content\/uploads\/2026\/02\/Portrait-5-1152x1536.jpg 1152w, https:\/\/johannesgoetze.com\/wp-content\/uploads\/2026\/02\/Portrait-5-1536x2048.jpg 1536w, https:\/\/johannesgoetze.com\/wp-content\/uploads\/2026\/02\/Portrait-5-9x12.jpg 9w, https:\/\/johannesgoetze.com\/wp-content\/uploads\/2026\/02\/Portrait-5-600x800.jpg 600w, https:\/\/johannesgoetze.com\/wp-content\/uploads\/2026\/02\/Portrait-5-700x933.jpg 700w, https:\/\/johannesgoetze.com\/wp-content\/uploads\/2026\/02\/Portrait-5-scaled.jpg 1920w\" sizes=\"(max-width: 225px) 100vw, 225px\" \/><\/div><\/a>\n\t\t<\/div>\n\t<\/div>\n<div class=\"vc_empty_space\"  style=\"height: 32px\" >\n\t<span class=\"vc_empty_space_inner\">\n\t\t<span class=\"empty_space_image\"  ><\/span>\n\t<\/span>\n<\/div><div class=\"vc_empty_space\"  style=\"height: 32px\" >\n\t<span class=\"vc_empty_space_inner\">\n\t\t<span class=\"empty_space_image\"  ><\/span>\n\t<\/span>\n<\/div>\n\t<div class=\"wpb_single_image wpb_content_element vc_align_left\">\n\t\t<div class=\"wpb_wrapper\">\n\t\t\t\n\t\t\t<a href=\"https:\/\/johannesgoetze.com\/wp-content\/uploads\/2016\/09\/Datei-29.09.16-14-38-24-1024x654.jpeg\" target=\"_self\"><div class=\"vc_single_image-wrapper   vc_box_border_grey\"><img loading=\"lazy\" decoding=\"async\" width=\"300\" height=\"192\" src=\"https:\/\/johannesgoetze.com\/wp-content\/uploads\/2016\/09\/Datei-29.09.16-14-38-24-300x192.jpeg\" class=\"vc_single_image-img attachment-medium\" alt=\"\" title=\"datei-29-09-16-14-38-24\" srcset=\"https:\/\/johannesgoetze.com\/wp-content\/uploads\/2016\/09\/Datei-29.09.16-14-38-24-300x192.jpeg 300w, https:\/\/johannesgoetze.com\/wp-content\/uploads\/2016\/09\/Datei-29.09.16-14-38-24-1024x654.jpeg 1024w, https:\/\/johannesgoetze.com\/wp-content\/uploads\/2016\/09\/Datei-29.09.16-14-38-24-768x490.jpeg 768w, https:\/\/johannesgoetze.com\/wp-content\/uploads\/2016\/09\/Datei-29.09.16-14-38-24-1536x981.jpeg 1536w, https:\/\/johannesgoetze.com\/wp-content\/uploads\/2016\/09\/Datei-29.09.16-14-38-24-2048x1308.jpeg 2048w, https:\/\/johannesgoetze.com\/wp-content\/uploads\/2016\/09\/Datei-29.09.16-14-38-24-700x447.jpeg 700w\" sizes=\"(max-width: 300px) 100vw, 300px\" \/><\/div><\/a>\n\t\t<\/div>\n\t<\/div>\n<\/div><\/div><\/div><\/div><\/div>\n<\/div>","protected":false},"excerpt":{"rendered":"JONNY G\u00d6TZE- Die Macht der Lieder, der macht die Lieder! -JONNY G\u00d6TZE- Die Macht der Lieder, der macht die Lieder! -JONNY G\u00d6TZE- Die Macht der Lieder, der macht die Lieder! - Einf\u00fchlsame Lieder, die das Publikum entf\u00fchren. Voll ansteckender Fr\u00f6hlichkeit und Tiefe. Seine Konzerte sind...","protected":false},"author":2,"featured_media":0,"parent":0,"menu_order":1,"comment_status":"closed","ping_status":"closed","template":"","meta":{"_EventAllDay":false,"_EventTimezone":"","_EventStartDate":"","_EventEndDate":"","_EventStartDateUTC":"","_EventEndDateUTC":"","_EventShowMap":false,"_EventShowMapLink":false,"_EventURL":"","_EventCost":"","_EventCostDescription":"","_EventCurrencySymbol":"","_EventCurrencyCode":"","_EventCurrencyPosition":"","_EventDateTimeSeparator":"","_EventTimeRangeSeparator":"","_EventOrganizerID":[],"_EventVenueID":[],"_OrganizerEmail":"","_OrganizerPhone":"","_OrganizerWebsite":"","_VenueAddress":"","_VenueCity":"","_VenueCountry":"","_VenueProvince":"","_VenueState":"","_VenueZip":"","_VenuePhone":"","_VenueURL":"","_VenueStateProvince":"","_VenueLat":"","_VenueLng":"","_VenueShowMap":false,"_VenueShowMapLink":false,"footnotes":""},"class_list":["post-1834","page","type-page","status-publish","hentry"],"yoast_head":"<!-- This site is optimized with the Yoast SEO plugin v27.4 - https:\/\/yoast.com\/product\/yoast-seo-wordpress\/ -->\n<title>Willkommen - Jonny G\u00f6tze<\/title>\n<meta name=\"robots\" content=\"index, follow, max-snippet:-1, max-image-preview:large, max-video-preview:-1\" \/>\n<link rel=\"canonical\" href=\"https:\/\/johannesgoetze.com\/en\/\" \/>\n<meta property=\"og:locale\" content=\"en_US\" \/>\n<meta property=\"og:type\" content=\"article\" \/>\n<meta property=\"og:title\" content=\"Willkommen - Jonny G\u00f6tze\" \/>\n<meta property=\"og:url\" content=\"https:\/\/johannesgoetze.com\/en\/\" \/>\n<meta property=\"og:site_name\" content=\"Jonny G\u00f6tze\" \/>\n<meta property=\"article:modified_time\" content=\"2026-02-01T17:32:14+00:00\" \/>\n<meta name=\"twitter:card\" content=\"summary_large_image\" \/>\n<meta name=\"twitter:label1\" content=\"Est. reading time\" \/>\n\t<meta name=\"twitter:data1\" content=\"3 minutes\" \/>\n<script type=\"application\/ld+json\" class=\"yoast-schema-graph\">{\"@context\":\"https:\\\/\\\/schema.org\",\"@graph\":[{\"@type\":\"WebPage\",\"@id\":\"https:\\\/\\\/johannesgoetze.com\\\/\",\"url\":\"https:\\\/\\\/johannesgoetze.com\\\/\",\"name\":\"Willkommen - Jonny G\u00f6tze\",\"isPartOf\":{\"@id\":\"https:\\\/\\\/johannesgoetze.com\\\/#website\"},\"datePublished\":\"2021-06-23T12:03:05+00:00\",\"dateModified\":\"2026-02-01T17:32:14+00:00\",\"breadcrumb\":{\"@id\":\"https:\\\/\\\/johannesgoetze.com\\\/#breadcrumb\"},\"inLanguage\":\"en-US\",\"potentialAction\":[{\"@type\":\"ReadAction\",\"target\":[\"https:\\\/\\\/johannesgoetze.com\\\/\"]}]},{\"@type\":\"BreadcrumbList\",\"@id\":\"https:\\\/\\\/johannesgoetze.com\\\/#breadcrumb\",\"itemListElement\":[{\"@type\":\"ListItem\",\"position\":1,\"name\":\"Startseite\",\"item\":\"https:\\\/\\\/johannesgoetze.com\\\/\"},{\"@type\":\"ListItem\",\"position\":2,\"name\":\"Willkommen\"}]},{\"@type\":\"WebSite\",\"@id\":\"https:\\\/\\\/johannesgoetze.com\\\/#website\",\"url\":\"https:\\\/\\\/johannesgoetze.com\\\/\",\"name\":\"Jonny G\u00f6tze\",\"description\":\"Die Macht der Lieder - der macht die Lieder!\",\"potentialAction\":[{\"@type\":\"SearchAction\",\"target\":{\"@type\":\"EntryPoint\",\"urlTemplate\":\"https:\\\/\\\/johannesgoetze.com\\\/?s={search_term_string}\"},\"query-input\":{\"@type\":\"PropertyValueSpecification\",\"valueRequired\":true,\"valueName\":\"search_term_string\"}}],\"inLanguage\":\"en-US\"}]}<\/script>\n<!-- \/ Yoast SEO plugin. -->","yoast_head_json":{"title":"Willkommen - Jonny G\u00f6tze","robots":{"index":"index","follow":"follow","max-snippet":"max-snippet:-1","max-image-preview":"max-image-preview:large","max-video-preview":"max-video-preview:-1"},"canonical":"https:\/\/johannesgoetze.com\/en\/","og_locale":"en_US","og_type":"article","og_title":"Willkommen - Jonny G\u00f6tze","og_url":"https:\/\/johannesgoetze.com\/en\/","og_site_name":"Jonny G\u00f6tze","article_modified_time":"2026-02-01T17:32:14+00:00","twitter_card":"summary_large_image","twitter_misc":{"Est. reading time":"3 minutes"},"schema":{"@context":"https:\/\/schema.org","@graph":[{"@type":"WebPage","@id":"https:\/\/johannesgoetze.com\/","url":"https:\/\/johannesgoetze.com\/","name":"Willkommen - Jonny G\u00f6tze","isPartOf":{"@id":"https:\/\/johannesgoetze.com\/#website"},"datePublished":"2021-06-23T12:03:05+00:00","dateModified":"2026-02-01T17:32:14+00:00","breadcrumb":{"@id":"https:\/\/johannesgoetze.com\/#breadcrumb"},"inLanguage":"en-US","potentialAction":[{"@type":"ReadAction","target":["https:\/\/johannesgoetze.com\/"]}]},{"@type":"BreadcrumbList","@id":"https:\/\/johannesgoetze.com\/#breadcrumb","itemListElement":[{"@type":"ListItem","position":1,"name":"Startseite","item":"https:\/\/johannesgoetze.com\/"},{"@type":"ListItem","position":2,"name":"Willkommen"}]},{"@type":"WebSite","@id":"https:\/\/johannesgoetze.com\/#website","url":"https:\/\/johannesgoetze.com\/","name":"Jonny G\u00f6tze","description":"Die Macht der Lieder - der macht die Lieder!","potentialAction":[{"@type":"SearchAction","target":{"@type":"EntryPoint","urlTemplate":"https:\/\/johannesgoetze.com\/?s={search_term_string}"},"query-input":{"@type":"PropertyValueSpecification","valueRequired":true,"valueName":"search_term_string"}}],"inLanguage":"en-US"}]}},"_links":{"self":[{"href":"https:\/\/johannesgoetze.com\/en\/wp-json\/wp\/v2\/pages\/1834","targetHints":{"allow":["GET"]}}],"collection":[{"href":"https:\/\/johannesgoetze.com\/en\/wp-json\/wp\/v2\/pages"}],"about":[{"href":"https:\/\/johannesgoetze.com\/en\/wp-json\/wp\/v2\/types\/page"}],"author":[{"embeddable":true,"href":"https:\/\/johannesgoetze.com\/en\/wp-json\/wp\/v2\/users\/2"}],"replies":[{"embeddable":true,"href":"https:\/\/johannesgoetze.com\/en\/wp-json\/wp\/v2\/comments?post=1834"}],"version-history":[{"count":42,"href":"https:\/\/johannesgoetze.com\/en\/wp-json\/wp\/v2\/pages\/1834\/revisions"}],"predecessor-version":[{"id":2262,"href":"https:\/\/johannesgoetze.com\/en\/wp-json\/wp\/v2\/pages\/1834\/revisions\/2262"}],"wp:attachment":[{"href":"https:\/\/johannesgoetze.com\/en\/wp-json\/wp\/v2\/media?parent=1834"}],"curies":[{"name":"wp","href":"https:\/\/api.w.org\/{rel}","templated":true}]}}