{"id":1942,"date":"2021-08-11T09:31:30","date_gmt":"2021-08-11T07:31:30","guid":{"rendered":"https:\/\/johannesgoetze.com\/?page_id=1942"},"modified":"2021-12-29T12:10:13","modified_gmt":"2021-12-29T11:10:13","slug":"kommklub","status":"publish","type":"page","link":"https:\/\/johannesgoetze.com\/en\/kommklub\/","title":{"rendered":"KOMMCLUB"},"content":{"rendered":"<div class=\"wpb-content-wrapper\"><div      class=\"vc_row wpb_row section vc_row-fluid\" style=' text-align:left;'><div class=\"full_section_inner clearfix\"><div class=\"wpb_column vc_column_container vc_col-sm-12\"><div class=\"vc_column-inner\"><div class=\"wpb_wrapper\"><div class=\"wpb_layerslider_element wpb_content_element\"><script type=\"text\/javascript\">jQuery(function() { _initLayerSlider( '#layerslider_2_1uf3weds002aq', {createdWith: '6.11.8', sliderVersion: '6.11.8', insertMethod: 'insertBefore', insertSelector: '.default_template_holder', pauseOnHover: 'enabled', skin: 'photogallery', sliderFadeInDuration: 350, navPrevNext: false, navStartStop: false, navButtons: false, showCircleTimer: false, useSrcset: true, skinsPath: 'https:\/\/johannesgoetze.com\/wp-content\/plugins\/LayerSlider\/assets\/static\/layerslider\/skins\/', performanceMode: true}); });<\/script><div id=\"layerslider_2_1uf3weds002aq\"  class=\"ls-wp-container fitvidsignore ls-selectable\" style=\"width:1280px;height:500px;max-width:100%;margin:0 auto;margin-bottom: 0px;\"><div class=\"ls-slide\" data-ls=\"duration:3000;transition2d:5,23;\"><img fetchpriority=\"high\" decoding=\"async\" width=\"1280\" height=\"720\" src=\"https:\/\/johannesgoetze.com\/wp-content\/uploads\/2021\/08\/KOMMKLUB.jpg\" class=\"ls-bg\" alt=\"\" srcset=\"https:\/\/johannesgoetze.com\/wp-content\/uploads\/2021\/08\/KOMMKLUB.jpg 1280w, https:\/\/johannesgoetze.com\/wp-content\/uploads\/2021\/08\/KOMMKLUB-300x169.jpg 300w, https:\/\/johannesgoetze.com\/wp-content\/uploads\/2021\/08\/KOMMKLUB-1024x576.jpg 1024w, https:\/\/johannesgoetze.com\/wp-content\/uploads\/2021\/08\/KOMMKLUB-768x432.jpg 768w, https:\/\/johannesgoetze.com\/wp-content\/uploads\/2021\/08\/KOMMKLUB-700x394.jpg 700w, https:\/\/johannesgoetze.com\/wp-content\/uploads\/2021\/08\/KOMMKLUB-539x303.jpg 539w\" sizes=\"(max-width: 1280px) 100vw, 1280px\" \/><\/div><\/div><\/div><div class=\"vc_empty_space\"  style=\"height: 32px\" >\n\t<span class=\"vc_empty_space_inner\">\n\t\t<span class=\"empty_space_image\"  ><\/span>\n\t<\/span>\n<\/div><\/div><\/div><\/div><\/div><\/div><div      class=\"vc_row wpb_row section vc_row-fluid\" style=' text-align:left;'><div class=\"full_section_inner clearfix\"><div class=\"wpb_column vc_column_container vc_col-sm-8\"><div class=\"vc_column-inner\"><div class=\"wpb_wrapper\">\n\t<div class=\"wpb_text_column wpb_content_element\">\n\t\t<div class=\"wpb_wrapper\">\n\t\t\t<h2><strong>DER TRAUM<\/strong><\/h2>\n<p><strong>Der<\/strong>\u00a0<strong>KOMMCLUB<\/strong>\u00a0ist die &#8222;VISION&#8220; von einem Raum, in dem sich Kreativit\u00e4t und Kommunikation in leidenschaftlicher Hingabe erg\u00e4nzen und entfalten. Ein Ort, in dem sich K\u00fcnstler und Besucher vernetzen, um sich in ihren privaten und beruflichen Welten begegnen und anreichern zu k\u00f6nnen.\u00a0<strong>Der KOMMKLUB<\/strong>\u00a0schafft einen Rahmen, in dem Neues und Ungew\u00f6hnliches durch Vernetzung entstehen kann.\u00a0<strong>Der KOMMKLUB<\/strong>\u00a0ist Marke, Name und Etikett, um vielen verschiedenen Ideen eine Plattform zu bieten und diese sichtbar zu machen.\u00a0<strong>Der KOMMKLUB<\/strong>\u00a0ist offen und ehrlich, wertsch\u00e4tzend und achtsam, einf\u00fchlsam und verf\u00fchrend und immer ansteckend fr\u00f6hlich. Hier in Berlin und \u00fcberall dort, wo sich Kreative von dieser Vision beseelen lassen.\u00a0<strong>Der KOMMKLUB<\/strong>\u00a0freut sich auf Deine Ideen und Vorschl\u00e4ge, auf Deine Kunst und Dein K\u00f6nnen.\u00a0<strong>Der KOMMKLUB<\/strong>\u00a0freut sich auf Dich!<\/p>\n\n\t\t<\/div>\n\t<\/div><div class=\"vc_empty_space\"  style=\"height: 32px\" >\n\t<span class=\"vc_empty_space_inner\">\n\t\t<span class=\"empty_space_image\"  ><\/span>\n\t<\/span>\n<\/div>\n\t<div class=\"wpb_text_column wpb_content_element\">\n\t\t<div class=\"wpb_wrapper\">\n\t\t\t<h2><strong>DER GR\u00dcNDER<\/strong><\/h2>\n<p>Johannes\u00a0<a href=\"http:\/\/johannesgoetze.com\/en\/\">\u201eJonny\u201c G\u00f6tze<\/a>\u00a0ist Texter, S\u00e4nger, Musiker und selbst\u00e4ndiger Kommunikationsexperte. Mit seiner Agentur\u00a0<a href=\"http:\/\/www.jgoetze.com\/\">G\u00d6TZE KOMMUNIKATION<\/a>\u00a0ber\u00e4t und trainiert er vorwiegend F\u00fchrungskr\u00e4fte und deren Teams. Neben der Arbeit im Einzel- und Teamcoaching hat er sich auf kreative Gro\u00dfgruppenformate spezialisiert. Aufgrund seiner langj\u00e4hrigen Medienerfahrung, vorwiegend im deutschsprachigen Privatradio, verf\u00fcgt er \u00fcber ein kreatives Partnernetzwerk mit denen er crossmediale Ideen entwickelt und umsetzt. Im\u00a0<strong>KOMMCLUB<\/strong>\u00a0zieht er im Hintergrund die operativen F\u00e4den und versteht sich als Ideenumsetzer, Netzwerker und F\u00f6rderer.\u00a0 Als\u00a0<a href=\"http:\/\/johannesgoetze.com\/en\/\">\u201eJonny G\u00f6tze\u201c<\/a>\u00a0steht er mit seiner eigenen Musik mit auf den B\u00fchnen und f\u00fchrt als kompetenter Entertainer durch das Programm. JONNY G\u00d6TZE: Die Macht der Lieder &#8211; der macht die Lieder!<\/p>\n\n\t\t<\/div>\n\t<\/div><div class=\"vc_empty_space\"  style=\"height: 32px\" >\n\t<span class=\"vc_empty_space_inner\">\n\t\t<span class=\"empty_space_image\"  ><\/span>\n\t<\/span>\n<\/div>\n\t<div class=\"wpb_text_column wpb_content_element\">\n\t\t<div class=\"wpb_wrapper\">\n\t\t\t<h2><strong>DER NAME<\/strong><\/h2>\n<p><strong>KOMMCLUB<\/strong>\u00a0ist eine Wortsch\u00f6pfung aus den beiden W\u00f6rtern KOMMUNIKATION und KLUB. Gleichzeitig wird mit diesem Namen auch eine Einladung ausgesprochen:\u201eKOMM in den KLUB!\u201c Wir freuen uns auf Deine Kunst und Dein K\u00f6nnen.\u00a0 Wir freuen uns auf Dein Zuh\u00f6ren und Dein Klatschen. Wir freuen uns auf den gemeinsamen Austausch. KOMMUNIKATION\u00a0im KLUB.\u00a0<strong>KOMMCLUB\u00a0<\/strong><\/p>\n\n\t\t<\/div>\n\t<\/div><div class=\"vc_empty_space\"  style=\"height: 32px\" >\n\t<span class=\"vc_empty_space_inner\">\n\t\t<span class=\"empty_space_image\"  ><\/span>\n\t<\/span>\n<\/div>\n\t<div class=\"wpb_text_column wpb_content_element\">\n\t\t<div class=\"wpb_wrapper\">\n\t\t\t<h2><strong>GESCHICHTE<\/strong><\/h2>\n<p>April 2012: der 50te Geburtstag von Johannes G\u00f6tze war die Geburtsstunde des KOMMKLUBS. Die G\u00e4ste wurden an diesem Abend mit einem Wohnzimmerkonzert \u00fcberrascht, aus dem die Idee f\u00fcr den\u00a0<strong>KOMMCLUB<\/strong>\u00a0entstand. Innerhalb weniger Monate lie\u00dfen sich Berliner Profimusiker von dieser Idee anstecken. Das erste KOMMKLUB Konzert fand noch im selben Jahr in Berlin Charlottenburg statt. Bereits im Mai 2013 standen 14 Musiker verschiedener Stilrichtungen auf der B\u00fchne der\u00a0<a href=\"http:\/\/www.ufafabrik.de\/de\">UFA Fabrik<\/a>\u00a0in Berlin.<\/p>\n\n\t\t<\/div>\n\t<\/div><div class=\"vc_empty_space\"  style=\"height: 32px\" >\n\t<span class=\"vc_empty_space_inner\">\n\t\t<span class=\"empty_space_image\"  ><\/span>\n\t<\/span>\n<\/div>\n\t<div class=\"wpb_text_column wpb_content_element\">\n\t\t<div class=\"wpb_wrapper\">\n\t\t\t<h2><strong>R\u00dcCKBLICK<\/strong><\/h2>\n<p>Bis Sommer 2015 organisierte der\u00a0<strong>KOMMCLUB<\/strong>\u00a0kleinere und gr\u00f6\u00dfere Konzerte an unterschiedlichen, meist au\u00dfergew\u00f6hnlichen Orten in Berlin. Von September 2015 bis Winter 2018 veranstaltete er eine regelm\u00e4\u00dfige Konzertreihe in der\u00a0<a href=\"https:\/\/www.facebook.com\/Klub2000BoeseBubenbar\/?fref=ts\">B\u00f6seBubenBar<\/a>\u00a0in Berlin. Einmal im Monat standen meist Solok\u00fcnstler auf der kleinsten und sch\u00f6nsten B\u00fchne Berlins. Dar\u00fcberhinaus entwickelte Johannes &#8222;Jonny G\u00f6tze&#8220; ein spezielles Format f\u00fcr Buchvorstellungen.\u00a0 (Lesung &#8211; Interview -Musik)<\/p>\n\n\t\t<\/div>\n\t<\/div><div class=\"vc_empty_space\"  style=\"height: 32px\" >\n\t<span class=\"vc_empty_space_inner\">\n\t\t<span class=\"empty_space_image\"  ><\/span>\n\t<\/span>\n<\/div>\n\t<div class=\"wpb_text_column wpb_content_element\">\n\t\t<div class=\"wpb_wrapper\">\n\t\t\t<h2><strong>AUSBLICK<br \/>\n<\/strong><\/h2>\n<p>Aktuell k\u00fcmmert sich JONNY G\u00d6TZE ausschlie\u00dflich um seine eigenen Auftritte im deutschsprachigem Raum und um die Vermarktung seiner Musik (CD <a href=\"http:\/\/johannesgoetze.com\/en\/shop\/\">JETZT<\/a>, Neuver\u00f6ffentlichungen, Streaming- und Downloadplattformen, Sozial Media Aktivit\u00e4ten, Video- und Slideshowproduktionen). Konzerte und Lesungen organisiert er deshalb nur f\u00fcr Freunde aus seinem engsten Bekanntenkreis.<\/p>\n\n\t\t<\/div>\n\t<\/div><div class=\"vc_empty_space\"  style=\"height: 32px\" >\n\t<span class=\"vc_empty_space_inner\">\n\t\t<span class=\"empty_space_image\"  ><\/span>\n\t<\/span>\n<\/div>\n\t<div class=\"wpb_text_column wpb_content_element\">\n\t\t<div class=\"wpb_wrapper\">\n\t\t\t<h2><strong>DANKE<\/strong><\/h2>\n<p>Unser Dank gilt den lieben Freunden und Partnern. Ohne die vielen Musiker, S\u00e4nger, Grafiker h\u00e4tte der KOMMKLUB nicht entstehen k\u00f6nnen. Von ganzem Herzen bedanken wir uns hier bei den Inhabern der B\u00f6seBubenBar:\u00a0 Durch die herzliche, famili\u00e4re und professionelle Zusammenarbeit war jede Veranstaltung in den letzten Jahren in sich einzigartig und bleibt unvergessen.<\/p>\n\n\t\t<\/div>\n\t<\/div><div class=\"vc_empty_space\"  style=\"height: 32px\" >\n\t<span class=\"vc_empty_space_inner\">\n\t\t<span class=\"empty_space_image\"  ><\/span>\n\t<\/span>\n<\/div><\/div><\/div><\/div><div class=\"wpb_column vc_column_container vc_col-sm-4\"><div class=\"vc_column-inner\"><div class=\"wpb_wrapper\"><div class=\"wpb_gallery wpb_content_element vc_clearfix\"><div class=\"wpb_wrapper\"><div class=\"wpb_gallery_slides wpb_image_grid\" data-interval=\"3\"><div class=\"gallery_holder\"><ul class=\"gallery_inner gallery_with_space  v2\"><li class=\"no_grayscale\"><a itemprop=\"image\" class=\"qode-prettyphoto\" href=\"https:\/\/johannesgoetze.com\/wp-content\/uploads\/2021\/08\/Fotocollage-Vision-2019-1024x576.jpg\" data-rel=\"prettyPhoto[rel-1942-3702770432]\"><span class=\"gallery_hover\"><i class=\"fa fa-search\"><\/i><\/span><img decoding=\"async\" width=\"150\" height=\"150\" src=\"https:\/\/johannesgoetze.com\/wp-content\/uploads\/2021\/08\/Fotocollage-Vision-2019-150x150.jpg\" class=\"attachment-thumbnail\" alt=\"\" title=\"Fotocollage-Vision-2019\" srcset=\"https:\/\/johannesgoetze.com\/wp-content\/uploads\/2021\/08\/Fotocollage-Vision-2019-150x150.jpg 150w, https:\/\/johannesgoetze.com\/wp-content\/uploads\/2021\/08\/Fotocollage-Vision-2019-570x570.jpg 570w, https:\/\/johannesgoetze.com\/wp-content\/uploads\/2021\/08\/Fotocollage-Vision-2019-500x500.jpg 500w\" sizes=\"(max-width: 150px) 100vw, 150px\" \/><\/a><\/li><li class=\"no_grayscale\"><a itemprop=\"image\" class=\"qode-prettyphoto\" href=\"https:\/\/johannesgoetze.com\/wp-content\/uploads\/2021\/08\/Bo\u0308se.jpg\" data-rel=\"prettyPhoto[rel-1942-3702770432]\"><span class=\"gallery_hover\"><i class=\"fa fa-search\"><\/i><\/span><img decoding=\"async\" width=\"150\" height=\"150\" src=\"https:\/\/johannesgoetze.com\/wp-content\/uploads\/2021\/08\/Bo\u0308se-150x150.jpg\" class=\"attachment-thumbnail\" alt=\"\" title=\"Bo\u0308se\" srcset=\"https:\/\/johannesgoetze.com\/wp-content\/uploads\/2021\/08\/Bo\u0308se-150x150.jpg 150w, https:\/\/johannesgoetze.com\/wp-content\/uploads\/2021\/08\/Bo\u0308se-300x300.jpg 300w, https:\/\/johannesgoetze.com\/wp-content\/uploads\/2021\/08\/Bo\u0308se-768x768.jpg 768w, https:\/\/johannesgoetze.com\/wp-content\/uploads\/2021\/08\/Bo\u0308se-570x570.jpg 570w, https:\/\/johannesgoetze.com\/wp-content\/uploads\/2021\/08\/Bo\u0308se-500x500.jpg 500w, https:\/\/johannesgoetze.com\/wp-content\/uploads\/2021\/08\/Bo\u0308se-700x700.jpg 700w, https:\/\/johannesgoetze.com\/wp-content\/uploads\/2021\/08\/Bo\u0308se.jpg 960w\" sizes=\"(max-width: 150px) 100vw, 150px\" \/><\/a><\/li><li class=\"no_grayscale\"><a itemprop=\"image\" class=\"qode-prettyphoto\" href=\"https:\/\/johannesgoetze.com\/wp-content\/uploads\/2021\/08\/BBB-Bu\u0308hne-1024x683.jpg\" data-rel=\"prettyPhoto[rel-1942-3702770432]\"><span class=\"gallery_hover\"><i class=\"fa fa-search\"><\/i><\/span><img loading=\"lazy\" decoding=\"async\" width=\"150\" height=\"150\" src=\"https:\/\/johannesgoetze.com\/wp-content\/uploads\/2021\/08\/BBB-Bu\u0308hne-150x150.jpg\" class=\"attachment-thumbnail\" alt=\"\" title=\"BBB-Bu\u0308hne\" srcset=\"https:\/\/johannesgoetze.com\/wp-content\/uploads\/2021\/08\/BBB-Bu\u0308hne-150x150.jpg 150w, https:\/\/johannesgoetze.com\/wp-content\/uploads\/2021\/08\/BBB-Bu\u0308hne-570x570.jpg 570w, https:\/\/johannesgoetze.com\/wp-content\/uploads\/2021\/08\/BBB-Bu\u0308hne-500x500.jpg 500w\" sizes=\"(max-width: 150px) 100vw, 150px\" \/><\/a><\/li><li class=\"no_grayscale\"><a itemprop=\"image\" class=\"qode-prettyphoto\" href=\"https:\/\/johannesgoetze.com\/wp-content\/uploads\/2021\/08\/BBB_Jonny1-1024x682.jpg\" data-rel=\"prettyPhoto[rel-1942-3702770432]\"><span class=\"gallery_hover\"><i class=\"fa fa-search\"><\/i><\/span><img loading=\"lazy\" decoding=\"async\" width=\"150\" height=\"150\" src=\"https:\/\/johannesgoetze.com\/wp-content\/uploads\/2021\/08\/BBB_Jonny1-150x150.jpg\" class=\"attachment-thumbnail\" alt=\"\" title=\"BBB_Jonny1\" srcset=\"https:\/\/johannesgoetze.com\/wp-content\/uploads\/2021\/08\/BBB_Jonny1-150x150.jpg 150w, https:\/\/johannesgoetze.com\/wp-content\/uploads\/2021\/08\/BBB_Jonny1-570x570.jpg 570w, https:\/\/johannesgoetze.com\/wp-content\/uploads\/2021\/08\/BBB_Jonny1-500x500.jpg 500w\" sizes=\"(max-width: 150px) 100vw, 150px\" \/><\/a><\/li><li class=\"no_grayscale\"><a itemprop=\"image\" class=\"qode-prettyphoto\" href=\"https:\/\/johannesgoetze.com\/wp-content\/uploads\/2021\/08\/KOMMKLUB-1024x576.jpg\" data-rel=\"prettyPhoto[rel-1942-3702770432]\"><span class=\"gallery_hover\"><i class=\"fa fa-search\"><\/i><\/span><img loading=\"lazy\" decoding=\"async\" width=\"150\" height=\"150\" src=\"https:\/\/johannesgoetze.com\/wp-content\/uploads\/2021\/08\/KOMMKLUB-150x150.jpg\" class=\"attachment-thumbnail\" alt=\"\" title=\"KOMMCLUB\" srcset=\"https:\/\/johannesgoetze.com\/wp-content\/uploads\/2021\/08\/KOMMKLUB-150x150.jpg 150w, https:\/\/johannesgoetze.com\/wp-content\/uploads\/2021\/08\/KOMMKLUB-570x570.jpg 570w, https:\/\/johannesgoetze.com\/wp-content\/uploads\/2021\/08\/KOMMKLUB-500x500.jpg 500w\" sizes=\"(max-width: 150px) 100vw, 150px\" \/><\/a><\/li><\/ul><\/div><\/div><\/div><\/div><\/div><\/div><\/div><\/div><\/div>\n<\/div>","protected":false},"excerpt":{"rendered":"DER TRAUM Der\u00a0KOMMKLUB\u00a0ist die \"VISION\" von einem Raum, in dem sich Kreativit\u00e4t und Kommunikation in leidenschaftlicher Hingabe erg\u00e4nzen und entfalten. Ein Ort, in dem sich K\u00fcnstler und Besucher vernetzen, um sich in ihren privaten und beruflichen Welten begegnen und anreichern zu k\u00f6nnen.\u00a0Der KOMMKLUB\u00a0schafft einen Rahmen,...","protected":false},"author":2,"featured_media":0,"parent":0,"menu_order":1,"comment_status":"closed","ping_status":"closed","template":"","meta":{"_EventAllDay":false,"_EventTimezone":"","_EventStartDate":"","_EventEndDate":"","_EventStartDateUTC":"","_EventEndDateUTC":"","_EventShowMap":false,"_EventShowMapLink":false,"_EventURL":"","_EventCost":"","_EventCostDescription":"","_EventCurrencySymbol":"","_EventCurrencyCode":"","_EventCurrencyPosition":"","_EventDateTimeSeparator":"","_EventTimeRangeSeparator":"","_EventOrganizerID":[],"_EventVenueID":[],"_OrganizerEmail":"","_OrganizerPhone":"","_OrganizerWebsite":"","_VenueAddress":"","_VenueCity":"","_VenueCountry":"","_VenueProvince":"","_VenueState":"","_VenueZip":"","_VenuePhone":"","_VenueURL":"","_VenueStateProvince":"","_VenueLat":"","_VenueLng":"","_VenueShowMap":false,"_VenueShowMapLink":false,"footnotes":""},"class_list":["post-1942","page","type-page","status-publish","hentry"],"yoast_head":"<!-- This site is optimized with the Yoast SEO plugin v27.4 - https:\/\/yoast.com\/product\/yoast-seo-wordpress\/ -->\n<title>KOMMKLUB - Jonny G\u00f6tze<\/title>\n<meta name=\"robots\" content=\"index, follow, max-snippet:-1, max-image-preview:large, max-video-preview:-1\" \/>\n<link rel=\"canonical\" href=\"https:\/\/johannesgoetze.com\/en\/kommklub\/\" \/>\n<meta property=\"og:locale\" content=\"en_US\" \/>\n<meta property=\"og:type\" content=\"article\" \/>\n<meta property=\"og:title\" content=\"KOMMKLUB - Jonny G\u00f6tze\" \/>\n<meta property=\"og:url\" content=\"https:\/\/johannesgoetze.com\/en\/kommklub\/\" \/>\n<meta property=\"og:site_name\" content=\"Jonny G\u00f6tze\" \/>\n<meta property=\"article:modified_time\" content=\"2021-12-29T11:10:13+00:00\" \/>\n<meta name=\"twitter:card\" content=\"summary_large_image\" \/>\n<meta name=\"twitter:label1\" content=\"Est. reading time\" \/>\n\t<meta name=\"twitter:data1\" content=\"3 minutes\" \/>\n<script type=\"application\/ld+json\" class=\"yoast-schema-graph\">{\"@context\":\"https:\\\/\\\/schema.org\",\"@graph\":[{\"@type\":\"WebPage\",\"@id\":\"https:\\\/\\\/johannesgoetze.com\\\/kommklub\\\/\",\"url\":\"https:\\\/\\\/johannesgoetze.com\\\/kommklub\\\/\",\"name\":\"KOMMKLUB - Jonny G\u00f6tze\",\"isPartOf\":{\"@id\":\"https:\\\/\\\/johannesgoetze.com\\\/#website\"},\"datePublished\":\"2021-08-11T07:31:30+00:00\",\"dateModified\":\"2021-12-29T11:10:13+00:00\",\"breadcrumb\":{\"@id\":\"https:\\\/\\\/johannesgoetze.com\\\/kommklub\\\/#breadcrumb\"},\"inLanguage\":\"en-US\",\"potentialAction\":[{\"@type\":\"ReadAction\",\"target\":[\"https:\\\/\\\/johannesgoetze.com\\\/kommklub\\\/\"]}]},{\"@type\":\"BreadcrumbList\",\"@id\":\"https:\\\/\\\/johannesgoetze.com\\\/kommklub\\\/#breadcrumb\",\"itemListElement\":[{\"@type\":\"ListItem\",\"position\":1,\"name\":\"Startseite\",\"item\":\"https:\\\/\\\/johannesgoetze.com\\\/\"},{\"@type\":\"ListItem\",\"position\":2,\"name\":\"KOMMKLUB\"}]},{\"@type\":\"WebSite\",\"@id\":\"https:\\\/\\\/johannesgoetze.com\\\/#website\",\"url\":\"https:\\\/\\\/johannesgoetze.com\\\/\",\"name\":\"Jonny G\u00f6tze\",\"description\":\"Die Macht der Lieder - der macht die Lieder!\",\"potentialAction\":[{\"@type\":\"SearchAction\",\"target\":{\"@type\":\"EntryPoint\",\"urlTemplate\":\"https:\\\/\\\/johannesgoetze.com\\\/?s={search_term_string}\"},\"query-input\":{\"@type\":\"PropertyValueSpecification\",\"valueRequired\":true,\"valueName\":\"search_term_string\"}}],\"inLanguage\":\"en-US\"}]}<\/script>\n<!-- \/ Yoast SEO plugin. -->","yoast_head_json":{"title":"KOMMKLUB - Jonny G\u00f6tze","robots":{"index":"index","follow":"follow","max-snippet":"max-snippet:-1","max-image-preview":"max-image-preview:large","max-video-preview":"max-video-preview:-1"},"canonical":"https:\/\/johannesgoetze.com\/en\/kommklub\/","og_locale":"en_US","og_type":"article","og_title":"KOMMKLUB - Jonny G\u00f6tze","og_url":"https:\/\/johannesgoetze.com\/en\/kommklub\/","og_site_name":"Jonny G\u00f6tze","article_modified_time":"2021-12-29T11:10:13+00:00","twitter_card":"summary_large_image","twitter_misc":{"Est. reading time":"3 minutes"},"schema":{"@context":"https:\/\/schema.org","@graph":[{"@type":"WebPage","@id":"https:\/\/johannesgoetze.com\/kommklub\/","url":"https:\/\/johannesgoetze.com\/kommklub\/","name":"KOMMKLUB - Jonny G\u00f6tze","isPartOf":{"@id":"https:\/\/johannesgoetze.com\/#website"},"datePublished":"2021-08-11T07:31:30+00:00","dateModified":"2021-12-29T11:10:13+00:00","breadcrumb":{"@id":"https:\/\/johannesgoetze.com\/kommklub\/#breadcrumb"},"inLanguage":"en-US","potentialAction":[{"@type":"ReadAction","target":["https:\/\/johannesgoetze.com\/kommklub\/"]}]},{"@type":"BreadcrumbList","@id":"https:\/\/johannesgoetze.com\/kommklub\/#breadcrumb","itemListElement":[{"@type":"ListItem","position":1,"name":"Startseite","item":"https:\/\/johannesgoetze.com\/"},{"@type":"ListItem","position":2,"name":"KOMMKLUB"}]},{"@type":"WebSite","@id":"https:\/\/johannesgoetze.com\/#website","url":"https:\/\/johannesgoetze.com\/","name":"Jonny G\u00f6tze","description":"Die Macht der Lieder - der macht die Lieder!","potentialAction":[{"@type":"SearchAction","target":{"@type":"EntryPoint","urlTemplate":"https:\/\/johannesgoetze.com\/?s={search_term_string}"},"query-input":{"@type":"PropertyValueSpecification","valueRequired":true,"valueName":"search_term_string"}}],"inLanguage":"en-US"}]}},"_links":{"self":[{"href":"https:\/\/johannesgoetze.com\/en\/wp-json\/wp\/v2\/pages\/1942","targetHints":{"allow":["GET"]}}],"collection":[{"href":"https:\/\/johannesgoetze.com\/en\/wp-json\/wp\/v2\/pages"}],"about":[{"href":"https:\/\/johannesgoetze.com\/en\/wp-json\/wp\/v2\/types\/page"}],"author":[{"embeddable":true,"href":"https:\/\/johannesgoetze.com\/en\/wp-json\/wp\/v2\/users\/2"}],"replies":[{"embeddable":true,"href":"https:\/\/johannesgoetze.com\/en\/wp-json\/wp\/v2\/comments?post=1942"}],"version-history":[{"count":7,"href":"https:\/\/johannesgoetze.com\/en\/wp-json\/wp\/v2\/pages\/1942\/revisions"}],"predecessor-version":[{"id":1964,"href":"https:\/\/johannesgoetze.com\/en\/wp-json\/wp\/v2\/pages\/1942\/revisions\/1964"}],"wp:attachment":[{"href":"https:\/\/johannesgoetze.com\/en\/wp-json\/wp\/v2\/media?parent=1942"}],"curies":[{"name":"wp","href":"https:\/\/api.w.org\/{rel}","templated":true}]}}