{"id":2033,"date":"2025-08-26T13:55:42","date_gmt":"2025-08-26T11:55:42","guid":{"rendered":"https:\/\/johannesgoetze.com\/?page_id=2033"},"modified":"2025-10-08T17:58:17","modified_gmt":"2025-10-08T15:58:17","slug":"zeremonie","status":"publish","type":"page","link":"https:\/\/johannesgoetze.com\/en\/zeremonie\/","title":{"rendered":"Ceremony"},"content":{"rendered":"<div class=\"wpb-content-wrapper\"><div      class=\"vc_row wpb_row section vc_row-fluid\" style=' text-align:left;'><div class=\"full_section_inner clearfix\"><div class=\"wpb_column vc_column_container vc_col-sm-12\"><div class=\"vc_column-inner\"><div class=\"wpb_wrapper\"><div class=\"wpb_layerslider_element wpb_content_element\"><script type=\"text\/javascript\">jQuery(function() { _initLayerSlider( '#layerslider_3_oe7gt3xrzjme', {createdWith: '6.11.8', sliderVersion: '7.15.1', insertMethod: 'insertBefore', insertSelector: '.default_template_holder', pauseOnHover: 'enabled', skin: 'photogallery', sliderFadeInDuration: 350, navPrevNext: false, navStartStop: false, navButtons: false, showCircleTimer: false, useSrcset: true, skinsPath: 'https:\/\/johannesgoetze.com\/wp-content\/plugins\/LayerSlider\/assets\/static\/layerslider\/skins\/', performanceMode: true}); });<\/script><div id=\"layerslider_3_oe7gt3xrzjme\"  class=\"ls-wp-container fitvidsignore ls-selectable\" style=\"width:1280px;height:650px;max-width:100%;margin:0 auto;margin-bottom: 0px;\"><div class=\"ls-slide\" data-ls=\"bgposition:0% 0%;duration:3000;transition2d:5,23;\"><img fetchpriority=\"high\" decoding=\"async\" width=\"2560\" height=\"1920\" src=\"https:\/\/johannesgoetze.com\/wp-content\/uploads\/2025\/10\/Portrait-Jonny-2-scaled.jpg\" class=\"ls-bg\" alt=\"\" srcset=\"https:\/\/johannesgoetze.com\/wp-content\/uploads\/2025\/10\/Portrait-Jonny-2-scaled.jpg 2560w, https:\/\/johannesgoetze.com\/wp-content\/uploads\/2025\/10\/Portrait-Jonny-2-300x225.jpg 300w, https:\/\/johannesgoetze.com\/wp-content\/uploads\/2025\/10\/Portrait-Jonny-2-1024x768.jpg 1024w, https:\/\/johannesgoetze.com\/wp-content\/uploads\/2025\/10\/Portrait-Jonny-2-768x576.jpg 768w, https:\/\/johannesgoetze.com\/wp-content\/uploads\/2025\/10\/Portrait-Jonny-2-1536x1152.jpg 1536w, https:\/\/johannesgoetze.com\/wp-content\/uploads\/2025\/10\/Portrait-Jonny-2-2048x1536.jpg 2048w, https:\/\/johannesgoetze.com\/wp-content\/uploads\/2025\/10\/Portrait-Jonny-2-16x12.jpg 16w, https:\/\/johannesgoetze.com\/wp-content\/uploads\/2025\/10\/Portrait-Jonny-2-800x600.jpg 800w, https:\/\/johannesgoetze.com\/wp-content\/uploads\/2025\/10\/Portrait-Jonny-2-700x525.jpg 700w\" sizes=\"(max-width: 2560px) 100vw, 2560px\" \/><\/div><\/div><\/div>\n\t<div class=\"wpb_text_column wpb_content_element\">\n\t\t<div class=\"wpb_wrapper\">\n\t\t\t<h1><strong>JONNY G\u00d6TZE<\/strong><\/h1>\n<h1><strong>Freier Redner f\u00fcr Hochzeiten, <\/strong><strong>festliche Anl\u00e4sse und Trauerfeiern<\/strong><\/h1>\n<p>Worte, die ber\u00fchren. Musik, die verbindet. Momente, die bleiben.<\/p>\n<p>Jonny G\u00f6tze gestaltet Zeremonien, die Herz und Verstand bewegen! Pers\u00f6nlich, authentisch und mit professioneller Kompetenz auf vielen Ebenen.<\/p>\n<p>Er begleitet Menschen auf den Wegen ihres Lebens mit Feingef\u00fchl und Erfahrung, mit Tiefe und voller Wertsch\u00e4tzung.<\/p>\n\n\t\t<\/div>\n\t<\/div><div class=\"vc_empty_space\"  style=\"height: 20px\" >\n\t<span class=\"vc_empty_space_inner\">\n\t\t<span class=\"empty_space_image\"  ><\/span>\n\t<\/span>\n<\/div><a  itemprop=\"url\" href=\"\/en\/kontakt\/\" target=\"_blank\"  class=\"qbutton  default\" style=\"\">Unverbindlich anfragen<i class=\"qode_icon_font_awesome fa fa-comments qode_button_icon_element\"><\/i><\/a><\/div><\/div><\/div><\/div><\/div><div      class=\"vc_row wpb_row section vc_row-fluid\" style=' text-align:left;'><div class=\"full_section_inner clearfix\"><div class=\"wpb_column vc_column_container vc_col-sm-12\"><div class=\"vc_column-inner\"><div class=\"wpb_wrapper\"><div class=\"vc_empty_space\"  style=\"height: 50px\" >\n\t<span class=\"vc_empty_space_inner\">\n\t\t<span class=\"empty_space_image\"  ><\/span>\n\t<\/span>\n<\/div>\n\t<div class=\"wpb_text_column wpb_content_element\">\n\t\t<div class=\"wpb_wrapper\">\n\t\t\t\n\t\t<\/div>\n\t<\/div><\/div><\/div><\/div><\/div><\/div><div      class=\"vc_row wpb_row section vc_row-fluid\" style=' text-align:left;'><div class=\"full_section_inner clearfix\"><div class=\"wpb_column vc_column_container vc_col-sm-3\"><div class=\"vc_column-inner\"><div class=\"wpb_wrapper\">\n\t<div class=\"wpb_text_column wpb_content_element  vc_custom_1759836774483\">\n\t\t<div class=\"wpb_wrapper\">\n\t\t\t<h3>Einf\u00fchlsam &amp; authentisch<\/h3>\n<p>Jede Zeremonie ist einzigartig. Jonny h\u00f6rt zu, sp\u00fcrt nach und findet Worte, die wirklich passen.<\/p>\n\n\t\t<\/div>\n\t<\/div><\/div><\/div><\/div><div class=\"wpb_column vc_column_container vc_col-sm-3\"><div class=\"vc_column-inner\"><div class=\"wpb_wrapper\">\n\t<div class=\"wpb_text_column wpb_content_element  vc_custom_1759836799379\">\n\t\t<div class=\"wpb_wrapper\">\n\t\t\t<h3>Wort &amp; Musik vereint<\/h3>\n<p>Auf Wunsch begleitet Jonny die Zeremonie mit seiner eigenen Musik. Die Inspiration f\u00fcr seine Texte bekommt er aus dem Leben und seine Lieder umarmen die Seele.<\/p>\n\n\t\t<\/div>\n\t<\/div><\/div><\/div><\/div><div class=\"wpb_column vc_column_container vc_col-sm-3\"><div class=\"vc_column-inner\"><div class=\"wpb_wrapper\">\n\t<div class=\"wpb_text_column wpb_content_element  vc_custom_1759836830300\">\n\t\t<div class=\"wpb_wrapper\">\n\t\t\t<h3>Lebensnah &amp; erfahren<\/h3>\n<p>Kommunikations- und Coachingexperte. Moderationsprofi mit langj\u00e4hrigem Medienhintergrund in F\u00fchrungsposition. Empathie, Geduld und Einf\u00fchlungsverm\u00f6gen.<\/p>\n\n\t\t<\/div>\n\t<\/div><\/div><\/div><\/div><div class=\"wpb_column vc_column_container vc_col-sm-3\"><div class=\"vc_column-inner\"><div class=\"wpb_wrapper\">\n\t<div class=\"wpb_text_column wpb_content_element  vc_custom_1759837017781\">\n\t\t<div class=\"wpb_wrapper\">\n\t\t\t<h3>Struktur &amp; Ruhe<\/h3>\n<p>Klarer Ablauf, w\u00fcrdige Sprache, Raum f\u00fcr Stille, Trost, Lachen und Erinnerung.<\/p>\n\n\t\t<\/div>\n\t<\/div><\/div><\/div><\/div><\/div><\/div><div      class=\"vc_row wpb_row section vc_row-fluid\" style=' text-align:left;'><div class=\"full_section_inner clearfix\"><div class=\"wpb_column vc_column_container vc_col-sm-12\"><div class=\"vc_column-inner\"><div class=\"wpb_wrapper\">\n\t<div class=\"wpb_text_column wpb_content_element\">\n\t\t<div class=\"wpb_wrapper\">\n\t\t\t\n\t\t<\/div>\n\t<\/div><div class=\"vc_empty_space\"  style=\"height: 50px\" >\n\t<span class=\"vc_empty_space_inner\">\n\t\t<span class=\"empty_space_image\"  ><\/span>\n\t<\/span>\n<\/div><\/div><\/div><\/div><\/div><\/div><div      class=\"vc_row wpb_row section vc_row-fluid\" style=' text-align:left;'><div class=\"full_section_inner clearfix\"><div class=\"wpb_column vc_column_container vc_col-sm-6\"><div class=\"vc_column-inner\"><div class=\"wpb_wrapper\">\n\t<div class=\"wpb_text_column wpb_content_element  vc_custom_1759838065612\">\n\t\t<div class=\"wpb_wrapper\">\n\t\t\t<h2>JONNY G\u00d6TZE<\/h2>\n<p>&nbsp;<\/p>\n<p>Der Wahlberliner Jonny G\u00f6tze ist Liedermacher und freier Redner in Berlin. Mit einem besonderen Gesp\u00fcr f\u00fcr Menschen und ihre Geschichten. Als Coach begleitet er seit vielen Jahren Menschen auf ihren beruflichen- und privaten Wegen. Aufgrund seiner langj\u00e4hrigen B\u00fchnenpr\u00e4senz sowohl als Musiker als auch als Keynote Speaker kam der Wunsch aus seinem beruflichen und privaten Umfeld, sich auch als freier Redner f\u00fcr Zeremonien anzubieten.<\/p>\n<p><strong>Kurzprofil:<\/strong><br \/>\nWohnort: Berlin<br \/>\nT\u00e4tigkeit: deutschlandweit<br \/>\nSchwerpunkte: Festliche Anl\u00e4sse, Hochzeiten, Trauerfeiern<br \/>\nBesondere St\u00e4rke: Verbindung von Sprache und Musik<\/p>\n\n\t\t<\/div>\n\t<\/div><\/div><\/div><\/div><div class=\"wpb_column vc_column_container vc_col-sm-6\"><div class=\"vc_column-inner\"><div class=\"wpb_wrapper\">\n\t<div class=\"wpb_single_image wpb_content_element vc_align_center  vc_custom_1759838570736\">\n\t\t<div class=\"wpb_wrapper\">\n\t\t\t\n\t\t\t<div class=\"vc_single_image-wrapper vc_box_circle  vc_box_border_grey\"><img decoding=\"async\" class=\"vc_single_image-img\" src=\"https:\/\/johannesgoetze.com\/wp-content\/uploads\/2025\/10\/Portrait-Jonny-scaled-768x768.jpg\" width=\"768\" height=\"768\" alt=\"Portrait Jonny\" title=\"Portrait Jonny\" \/><\/div>\n\t\t<\/div>\n\t<\/div>\n<\/div><\/div><\/div><\/div><\/div><div      class=\"vc_row wpb_row section vc_row-fluid\" style=' text-align:left;'><div class=\"full_section_inner clearfix\"><div class=\"wpb_column vc_column_container vc_col-sm-12\"><div class=\"vc_column-inner\"><div class=\"wpb_wrapper\">\n\t<div class=\"wpb_text_column wpb_content_element\">\n\t\t<div class=\"wpb_wrapper\">\n\t\t\t\n\t\t<\/div>\n\t<\/div><div class=\"vc_empty_space\"  style=\"height: 50px\" >\n\t<span class=\"vc_empty_space_inner\">\n\t\t<span class=\"empty_space_image\"  ><\/span>\n\t<\/span>\n<\/div><\/div><\/div><\/div><\/div><\/div><div      class=\"vc_row wpb_row section vc_row-fluid\" style=' text-align:left;'><div class=\"full_section_inner clearfix\"><div class=\"wpb_column vc_column_container vc_col-sm-12\"><div class=\"vc_column-inner\"><div class=\"wpb_wrapper\">\n\t<div class=\"wpb_text_column wpb_content_element\">\n\t\t<div class=\"wpb_wrapper\">\n\t\t\t<h2>Zeremonien mit Jonny G\u00f6tze<\/h2>\n\n\t\t<\/div>\n\t<\/div><\/div><\/div><\/div><\/div><\/div><div      class=\"vc_row wpb_row section vc_row-fluid\" style=' text-align:left;'><div class=\"full_section_inner clearfix\"><div class=\"wpb_column vc_column_container vc_col-sm-12\"><div class=\"vc_column-inner\"><div class=\"wpb_wrapper\">\n\t<div class=\"wpb_text_column wpb_content_element\">\n\t\t<div class=\"wpb_wrapper\">\n\t\t\t\n\t\t<\/div>\n\t<\/div><div class=\"vc_empty_space\"  style=\"height: 20px\" >\n\t<span class=\"vc_empty_space_inner\">\n\t\t<span class=\"empty_space_image\"  ><\/span>\n\t<\/span>\n<\/div><\/div><\/div><\/div><\/div><\/div><div      class=\"vc_row wpb_row section vc_row-fluid\" style=' text-align:left;'><div class=\"full_section_inner clearfix\"><div class=\"wpb_column vc_column_container vc_col-sm-4\"><div class=\"vc_column-inner\"><div class=\"wpb_wrapper\">\n\t<div class=\"wpb_text_column wpb_content_element  vc_custom_1759837071203\">\n\t\t<div class=\"wpb_wrapper\">\n\t\t\t<h3>Freie Trauung \/ Hochzeitsrede<\/h3>\n<p>Ihre Liebe verdient Worte, die bleiben. Jonny gestaltet Ihre freie Trauung mit W\u00e4rme, Humor und Tiefgang \u2013 von der ersten Idee bis zum JA!<br \/>\nIdeal f\u00fcr Paare, die eine pers\u00f6nliche, individuelle und herzliche Trauung w\u00fcnschen, oder ihr Eheversprechen wiederholen wollen.<\/p>\n\n\t\t<\/div>\n\t<\/div><\/div><\/div><\/div><div class=\"wpb_column vc_column_container vc_col-sm-4\"><div class=\"vc_column-inner\"><div class=\"wpb_wrapper\">\n\t<div class=\"wpb_text_column wpb_content_element  vc_custom_1759837356705\">\n\t\t<div class=\"wpb_wrapper\">\n\t\t\t<h3>Jubil\u00e4um<\/h3>\n<p>Vergangenheit und Zukunft vereint sich in dem JETZT! Respektvoll w\u00fcrdigen wir die Meilensteine der Vergangenheit und schauen fr\u00f6hlich auf das, was noch kommt. Was f\u00fcr ein sch\u00f6ner Moment. JETZT!<\/p>\n<p><strong>\u00a0<\/strong><\/p>\n\n\t\t<\/div>\n\t<\/div><\/div><\/div><\/div><div class=\"wpb_column vc_column_container vc_col-sm-4\"><div class=\"vc_column-inner\"><div class=\"wpb_wrapper\">\n\t<div class=\"wpb_text_column wpb_content_element  vc_custom_1759904981008\">\n\t\t<div class=\"wpb_wrapper\">\n\t\t\t<h3>Trauerrede \/ Beisetzung<\/h3>\n<p>Augenblicke verschwinden, aber die Erinnerung, die bleibt. Jonny begleitet die Hinterbliebenden einf\u00fchlsam durch diesen sensiblen Moment. W\u00fcrdevoll, menschlich und wertsch\u00e4tzend. Jede Rede wird individuell vorbereitet, mit Raum f\u00fcr pers\u00f6nliche Erinnerungen, Dankbarkeit, Stille und Trost.<\/p>\n\n\t\t<\/div>\n\t<\/div><\/div><\/div><\/div><\/div><\/div><div      class=\"vc_row wpb_row section vc_row-fluid\" style=' text-align:left;'><div class=\"full_section_inner clearfix\"><div class=\"wpb_column vc_column_container vc_col-sm-12\"><div class=\"vc_column-inner\"><div class=\"wpb_wrapper\">\n\t<div class=\"wpb_text_column wpb_content_element\">\n\t\t<div class=\"wpb_wrapper\">\n\t\t\t\n\t\t<\/div>\n\t<\/div><div class=\"vc_empty_space\"  style=\"height: 50px\" >\n\t<span class=\"vc_empty_space_inner\">\n\t\t<span class=\"empty_space_image\"  ><\/span>\n\t<\/span>\n<\/div><\/div><\/div><\/div><\/div><\/div><div      class=\"vc_row wpb_row section vc_row-fluid\" style=' text-align:left;'><div class=\"full_section_inner clearfix\"><div class=\"wpb_column vc_column_container vc_col-sm-12\"><div class=\"vc_column-inner\"><div class=\"wpb_wrapper\">\n\t<div class=\"wpb_text_column wpb_content_element\">\n\t\t<div class=\"wpb_wrapper\">\n\t\t\t<h2>Ablauf der Zusammenarbeit<\/h2>\n\n\t\t<\/div>\n\t<\/div><\/div><\/div><\/div><\/div><\/div><div      class=\"vc_row wpb_row section vc_row-fluid\" style=' text-align:left;'><div class=\"full_section_inner clearfix\"><div class=\"wpb_column vc_column_container vc_col-sm-12\"><div class=\"vc_column-inner\"><div class=\"wpb_wrapper\">\n\t<div class=\"wpb_text_column wpb_content_element\">\n\t\t<div class=\"wpb_wrapper\">\n\t\t\t\n\t\t<\/div>\n\t<\/div><div class=\"vc_empty_space\"  style=\"height: 20px\" >\n\t<span class=\"vc_empty_space_inner\">\n\t\t<span class=\"empty_space_image\"  ><\/span>\n\t<\/span>\n<\/div><\/div><\/div><\/div><\/div><\/div><div      class=\"vc_row wpb_row section vc_row-fluid\" style=' text-align:left;'><div class=\"full_section_inner clearfix\"><div class=\"wpb_column vc_column_container vc_col-sm-4\"><div class=\"vc_column-inner\"><div class=\"wpb_wrapper\">\n\t<div class=\"wpb_text_column wpb_content_element  vc_custom_1759735647757\">\n\t\t<div class=\"wpb_wrapper\">\n\t\t\t<h3>1. Kennenlernen<\/h3>\n<p>Unverbindliches Gespr\u00e4ch zu Anlass, W\u00fcnschen und Stil.<br \/>\nGemeinsame Kl\u00e4rung von Ablauf und Musikoptionen.<\/p>\n\n\t\t<\/div>\n\t<\/div><\/div><\/div><\/div><div class=\"wpb_column vc_column_container vc_col-sm-4\"><div class=\"vc_column-inner\"><div class=\"wpb_wrapper\">\n\t<div class=\"wpb_text_column wpb_content_element  vc_custom_1759735653395\">\n\t\t<div class=\"wpb_wrapper\">\n\t\t\t<h3>2. Konzeption<\/h3>\n<p>Struktur, Texte und Dramaturgie werden individuell erarbeitet.<br \/>\nFeinabstimmung bis alles stimmig ist.<\/p>\n\n\t\t<\/div>\n\t<\/div><\/div><\/div><\/div><div class=\"wpb_column vc_column_container vc_col-sm-4\"><div class=\"vc_column-inner\"><div class=\"wpb_wrapper\">\n\t<div class=\"wpb_text_column wpb_content_element  vc_custom_1759837461927\">\n\t\t<div class=\"wpb_wrapper\">\n\t\t\t<h3>3. Zeremonie<\/h3>\n<p>Eine authentische, wertsch\u00e4tzende und dem Anlass entsprechende Moderation. Mit den passenden Worten und auf Wunsch mit Musik.<\/p>\n\n\t\t<\/div>\n\t<\/div><\/div><\/div><\/div><\/div><\/div><div      class=\"vc_row wpb_row section vc_row-fluid\" style=' text-align:left;'><div class=\"full_section_inner clearfix\"><div class=\"wpb_column vc_column_container vc_col-sm-12\"><div class=\"vc_column-inner\"><div class=\"wpb_wrapper\">\n\t<div class=\"wpb_text_column wpb_content_element\">\n\t\t<div class=\"wpb_wrapper\">\n\t\t\t\n\t\t<\/div>\n\t<\/div><div class=\"vc_empty_space\"  style=\"height: 50px\" >\n\t<span class=\"vc_empty_space_inner\">\n\t\t<span class=\"empty_space_image\"  ><\/span>\n\t<\/span>\n<\/div><\/div><\/div><\/div><\/div><\/div><div      class=\"vc_row wpb_row section vc_row-fluid\" style=' text-align:left;'><div class=\"full_section_inner clearfix\"><div class=\"wpb_column vc_column_container vc_col-sm-12\"><div class=\"vc_column-inner\"><div class=\"wpb_wrapper\">\n\t<div class=\"wpb_text_column wpb_content_element\">\n\t\t<div class=\"wpb_wrapper\">\n\t\t\t<h2>Ihre Vorteile<\/h2>\n<ul>\n<li>Individuelle Reden statt Vorlagen<\/li>\n<li>Sprache und Musik aus einer Hand<\/li>\n<li>Ruhige, klare Moderation<\/li>\n<li>Hintergrund in Coaching, Medien, Pflege<\/li>\n<li>Schnelle, verl\u00e4ssliche Abstimmung<\/li>\n<li>Berlin-basiert, deutschlandweit t\u00e4tig<\/li>\n<\/ul>\n\n\t\t<\/div>\n\t<\/div><\/div><\/div><\/div><\/div><\/div><div      class=\"vc_row wpb_row section vc_row-fluid\" style=' text-align:left;'><div class=\"full_section_inner clearfix\"><div class=\"wpb_column vc_column_container vc_col-sm-12\"><div class=\"vc_column-inner\"><div class=\"wpb_wrapper\">\n\t<div class=\"wpb_text_column wpb_content_element\">\n\t\t<div class=\"wpb_wrapper\">\n\t\t\t\n\t\t<\/div>\n\t<\/div><div class=\"vc_empty_space\"  style=\"height: 50px\" >\n\t<span class=\"vc_empty_space_inner\">\n\t\t<span class=\"empty_space_image\"  ><\/span>\n\t<\/span>\n<\/div><\/div><\/div><\/div><\/div><\/div><div      class=\"vc_row wpb_row section vc_row-fluid\" style=' text-align:left;'><div class=\"full_section_inner clearfix\"><div class=\"wpb_column vc_column_container vc_col-sm-12\"><div class=\"vc_column-inner\"><div class=\"wpb_wrapper\">\n\t<div class=\"wpb_text_column wpb_content_element\">\n\t\t<div class=\"wpb_wrapper\">\n\t\t\t<h2>INDIVIDUELL<\/h2>\n<p>Gemeinsam schauen wir, was zu Ihnen passt. JONNY G\u00d6TZE als Redner, oder nur als Musiker, oder beides. Gegebenenfalls kann Jonny ein professionelles\u00a0 Netzwerk aktivieren.<\/p>\n\n\t\t<\/div>\n\t<\/div><\/div><\/div><\/div><\/div><\/div><div      class=\"vc_row wpb_row section vc_row-fluid\" style=' text-align:left;'><div class=\"full_section_inner clearfix\"><div class=\"wpb_column vc_column_container vc_col-sm-12\"><div class=\"vc_column-inner\"><div class=\"wpb_wrapper\">\n\t<div class=\"wpb_text_column wpb_content_element\">\n\t\t<div class=\"wpb_wrapper\">\n\t\t\t\n\t\t<\/div>\n\t<\/div><div class=\"vc_empty_space\"  style=\"height: 50px\" >\n\t<span class=\"vc_empty_space_inner\">\n\t\t<span class=\"empty_space_image\"  ><\/span>\n\t<\/span>\n<\/div><\/div><\/div><\/div><\/div><\/div><div      class=\"vc_row wpb_row section vc_row-fluid\" style=' text-align:left;'><div class=\"full_section_inner clearfix\"><div class=\"wpb_column vc_column_container vc_col-sm-12\"><div class=\"vc_column-inner\"><div class=\"wpb_wrapper\">\n\t<div class=\"wpb_text_column wpb_content_element\">\n\t\t<div class=\"wpb_wrapper\">\n\t\t\t<h2>Kontakt \u2013 Ihre Zeremonie mit Jonny G\u00f6tze<\/h2>\n<p>Erz\u00e4hlen Sie Jonny von Ihrem Anlass, Ihren W\u00fcnschen und Ihrem Stil.<br \/>\nGemeinsam entsteht eine Zeremonie, die zu Ihnen passt.<\/p>\n\n\t\t<\/div>\n\t<\/div><div class=\"vc_empty_space\"  style=\"height: 20px\" >\n\t<span class=\"vc_empty_space_inner\">\n\t\t<span class=\"empty_space_image\"  ><\/span>\n\t<\/span>\n<\/div><a  itemprop=\"url\" href=\"\/en\/kontakt\/\" target=\"_self\"  class=\"qbutton  default\" style=\"\">Kontakt aufnehmen<i class=\"qode_icon_font_awesome fa fa-envelope qode_button_icon_element\"><\/i><\/a><div class=\"vc_empty_space\"  style=\"height: 50px\" >\n\t<span class=\"vc_empty_space_inner\">\n\t\t<span class=\"empty_space_image\"  ><\/span>\n\t<\/span>\n<\/div><\/div><\/div><\/div><\/div><\/div>\n<\/div>","protected":false},"excerpt":{"rendered":"JONNY G\u00d6TZE Freier Redner f\u00fcr Hochzeiten, festliche Anl\u00e4sse und Trauerfeiern Worte, die ber\u00fchren. Musik, die verbindet. Momente, die bleiben. Jonny G\u00f6tze gestaltet Zeremonien, die Herz und Verstand bewegen! Pers\u00f6nlich, authentisch und mit professioneller Kompetenz auf vielen Ebenen. Er begleitet Menschen auf den Wegen ihres Lebens...","protected":false},"author":2,"featured_media":0,"parent":0,"menu_order":0,"comment_status":"closed","ping_status":"closed","template":"","meta":{"_EventAllDay":false,"_EventTimezone":"","_EventStartDate":"","_EventEndDate":"","_EventStartDateUTC":"","_EventEndDateUTC":"","_EventShowMap":false,"_EventShowMapLink":false,"_EventURL":"","_EventCost":"","_EventCostDescription":"","_EventCurrencySymbol":"","_EventCurrencyCode":"","_EventCurrencyPosition":"","_EventDateTimeSeparator":"","_EventTimeRangeSeparator":"","_EventOrganizerID":[],"_EventVenueID":[],"_OrganizerEmail":"","_OrganizerPhone":"","_OrganizerWebsite":"","_VenueAddress":"","_VenueCity":"","_VenueCountry":"","_VenueProvince":"","_VenueState":"","_VenueZip":"","_VenuePhone":"","_VenueURL":"","_VenueStateProvince":"","_VenueLat":"","_VenueLng":"","_VenueShowMap":false,"_VenueShowMapLink":false,"footnotes":""},"class_list":["post-2033","page","type-page","status-publish","hentry"],"yoast_head":"<!-- This site is optimized with the Yoast SEO plugin v27.4 - https:\/\/yoast.com\/product\/yoast-seo-wordpress\/ -->\n<title>Zeremonie - Jonny G\u00f6tze<\/title>\n<meta name=\"robots\" content=\"index, follow, max-snippet:-1, max-image-preview:large, max-video-preview:-1\" \/>\n<link rel=\"canonical\" href=\"https:\/\/johannesgoetze.com\/en\/zeremonie\/\" \/>\n<meta property=\"og:locale\" content=\"en_US\" \/>\n<meta property=\"og:type\" content=\"article\" \/>\n<meta property=\"og:title\" content=\"Zeremonie - Jonny G\u00f6tze\" \/>\n<meta property=\"og:url\" content=\"https:\/\/johannesgoetze.com\/en\/zeremonie\/\" \/>\n<meta property=\"og:site_name\" content=\"Jonny G\u00f6tze\" \/>\n<meta property=\"article:modified_time\" content=\"2025-10-08T15:58:17+00:00\" \/>\n<meta name=\"twitter:card\" content=\"summary_large_image\" \/>\n<meta name=\"twitter:label1\" content=\"Est. reading time\" \/>\n\t<meta name=\"twitter:data1\" content=\"5 minutes\" \/>\n<script type=\"application\/ld+json\" class=\"yoast-schema-graph\">{\"@context\":\"https:\\\/\\\/schema.org\",\"@graph\":[{\"@type\":\"WebPage\",\"@id\":\"https:\\\/\\\/johannesgoetze.com\\\/zeremonie\\\/\",\"url\":\"https:\\\/\\\/johannesgoetze.com\\\/zeremonie\\\/\",\"name\":\"Zeremonie - Jonny G\u00f6tze\",\"isPartOf\":{\"@id\":\"https:\\\/\\\/johannesgoetze.com\\\/#website\"},\"datePublished\":\"2025-08-26T11:55:42+00:00\",\"dateModified\":\"2025-10-08T15:58:17+00:00\",\"breadcrumb\":{\"@id\":\"https:\\\/\\\/johannesgoetze.com\\\/zeremonie\\\/#breadcrumb\"},\"inLanguage\":\"en-US\",\"potentialAction\":[{\"@type\":\"ReadAction\",\"target\":[\"https:\\\/\\\/johannesgoetze.com\\\/zeremonie\\\/\"]}]},{\"@type\":\"BreadcrumbList\",\"@id\":\"https:\\\/\\\/johannesgoetze.com\\\/zeremonie\\\/#breadcrumb\",\"itemListElement\":[{\"@type\":\"ListItem\",\"position\":1,\"name\":\"Startseite\",\"item\":\"https:\\\/\\\/johannesgoetze.com\\\/\"},{\"@type\":\"ListItem\",\"position\":2,\"name\":\"Zeremonie\"}]},{\"@type\":\"WebSite\",\"@id\":\"https:\\\/\\\/johannesgoetze.com\\\/#website\",\"url\":\"https:\\\/\\\/johannesgoetze.com\\\/\",\"name\":\"Jonny G\u00f6tze\",\"description\":\"Die Macht der Lieder - der macht die Lieder!\",\"potentialAction\":[{\"@type\":\"SearchAction\",\"target\":{\"@type\":\"EntryPoint\",\"urlTemplate\":\"https:\\\/\\\/johannesgoetze.com\\\/?s={search_term_string}\"},\"query-input\":{\"@type\":\"PropertyValueSpecification\",\"valueRequired\":true,\"valueName\":\"search_term_string\"}}],\"inLanguage\":\"en-US\"}]}<\/script>\n<!-- \/ Yoast SEO plugin. -->","yoast_head_json":{"title":"Zeremonie - Jonny G\u00f6tze","robots":{"index":"index","follow":"follow","max-snippet":"max-snippet:-1","max-image-preview":"max-image-preview:large","max-video-preview":"max-video-preview:-1"},"canonical":"https:\/\/johannesgoetze.com\/en\/zeremonie\/","og_locale":"en_US","og_type":"article","og_title":"Zeremonie - Jonny G\u00f6tze","og_url":"https:\/\/johannesgoetze.com\/en\/zeremonie\/","og_site_name":"Jonny G\u00f6tze","article_modified_time":"2025-10-08T15:58:17+00:00","twitter_card":"summary_large_image","twitter_misc":{"Est. reading time":"5 minutes"},"schema":{"@context":"https:\/\/schema.org","@graph":[{"@type":"WebPage","@id":"https:\/\/johannesgoetze.com\/zeremonie\/","url":"https:\/\/johannesgoetze.com\/zeremonie\/","name":"Zeremonie - Jonny G\u00f6tze","isPartOf":{"@id":"https:\/\/johannesgoetze.com\/#website"},"datePublished":"2025-08-26T11:55:42+00:00","dateModified":"2025-10-08T15:58:17+00:00","breadcrumb":{"@id":"https:\/\/johannesgoetze.com\/zeremonie\/#breadcrumb"},"inLanguage":"en-US","potentialAction":[{"@type":"ReadAction","target":["https:\/\/johannesgoetze.com\/zeremonie\/"]}]},{"@type":"BreadcrumbList","@id":"https:\/\/johannesgoetze.com\/zeremonie\/#breadcrumb","itemListElement":[{"@type":"ListItem","position":1,"name":"Startseite","item":"https:\/\/johannesgoetze.com\/"},{"@type":"ListItem","position":2,"name":"Zeremonie"}]},{"@type":"WebSite","@id":"https:\/\/johannesgoetze.com\/#website","url":"https:\/\/johannesgoetze.com\/","name":"Jonny G\u00f6tze","description":"Die Macht der Lieder - der macht die Lieder!","potentialAction":[{"@type":"SearchAction","target":{"@type":"EntryPoint","urlTemplate":"https:\/\/johannesgoetze.com\/?s={search_term_string}"},"query-input":{"@type":"PropertyValueSpecification","valueRequired":true,"valueName":"search_term_string"}}],"inLanguage":"en-US"}]}},"_links":{"self":[{"href":"https:\/\/johannesgoetze.com\/en\/wp-json\/wp\/v2\/pages\/2033","targetHints":{"allow":["GET"]}}],"collection":[{"href":"https:\/\/johannesgoetze.com\/en\/wp-json\/wp\/v2\/pages"}],"about":[{"href":"https:\/\/johannesgoetze.com\/en\/wp-json\/wp\/v2\/types\/page"}],"author":[{"embeddable":true,"href":"https:\/\/johannesgoetze.com\/en\/wp-json\/wp\/v2\/users\/2"}],"replies":[{"embeddable":true,"href":"https:\/\/johannesgoetze.com\/en\/wp-json\/wp\/v2\/comments?post=2033"}],"version-history":[{"count":36,"href":"https:\/\/johannesgoetze.com\/en\/wp-json\/wp\/v2\/pages\/2033\/revisions"}],"predecessor-version":[{"id":2120,"href":"https:\/\/johannesgoetze.com\/en\/wp-json\/wp\/v2\/pages\/2033\/revisions\/2120"}],"wp:attachment":[{"href":"https:\/\/johannesgoetze.com\/en\/wp-json\/wp\/v2\/media?parent=2033"}],"curies":[{"name":"wp","href":"https:\/\/api.w.org\/{rel}","templated":true}]}}